{"id":10697,"date":"2018-02-08T13:54:33","date_gmt":"2018-02-08T13:54:33","guid":{"rendered":"https:\/\/yabasta-records.com\/david-walters"},"modified":"2023-10-12T18:26:10","modified_gmt":"2023-10-12T18:26:10","slug":"david-walters","status":"publish","type":"page","link":"https:\/\/yabasta-records.com\/es\/david-walters","title":{"rendered":"David Walters"},"content":{"rendered":"<h3>El tema que da t\u00edtulo al disco expresa sin rodeos la posici\u00f3n de esta joven cantante y compositora que se uni\u00f3 a la tripulaci\u00f3n de \u00a1YA BASTA! en 2002. \u00ab<strong>Awa<\/strong>\u00bb significa \u00abno\u00bb en las Indias Occidentales&#8230; \u00ab<em>Pero<\/em><em>&#8216;<\/em><em>es un rechazo positivo, como una trayectoria vital que te mantiene en el buen camino y abierto a nuevas y buenas personas, para que surjan cosas buenas.<\/em><em>\u00ab<\/em><\/h3>\n<p>Sobre todo, esta introducci\u00f3n revela las m\u00faltiples fuentes del gumbo original compuesto por este joven cantautor: saturaci\u00f3n electr\u00f3nica, ra\u00edces r\u00edtmicas, hilo mel\u00f3dico&#8230; Y a continuaci\u00f3n, el cl\u00e1sico caribe\u00f1o \u00ab<strong>Mesi Bon Dy\u00e9<\/strong>\u00bb del seminal Franz Casseus, compositor haitiano que dej\u00f3 una clara huella en las mentes del tr\u00f3pico.<\/p>\n<p>Exiliado interior, <strong>DAVID WALTERS<\/strong> ofrece una versi\u00f3n estilizada, simplemente vestida con unos bucles sedosos. Entre las l\u00edneas de este texto agridulce, el joven se sit\u00faa en la larga historia de los cantautores de las Indias Occidentales, de los que sin duda es heredero, tanto por los temas -con clara conciencia- como por la m\u00fasica -francamente criollizada-.<\/p>\n<p style=\"text-align: center;\"><iframe loading=\"lazy\" src=\"https:\/\/open.spotify.com\/embed\/artist\/2ewpXb8jCBlsBscjDCcAG7\" width=\"300\" height=\"380\" frameborder=\"0\"><\/iframe><\/p>\n","protected":false},"excerpt":{"rendered":"<p>Exiliado interior, DAVID WALTERS ofrece una versi\u00f3n estilizada, simplemente aderezada con unos bucles sedosos. Entre las l\u00edneas de este texto agridulce, el joven se sit\u00faa en la larga historia de los cantautores de las Indias Occidentales, de los que sin duda es heredero, tanto por los temas -con clara conciencia- como por la m\u00fasica -francamente criollizada-.<\/p>\n","protected":false},"author":1,"featured_media":9146,"parent":0,"menu_order":0,"comment_status":"closed","ping_status":"closed","template":"","meta":{"_acf_changed":false,"footnotes":""},"class_list":["entry","author-yabasta","has-excerpt","post-10697","page","type-page","status-publish","has-post-thumbnail"],"acf":[],"featured_image_src":"https:\/\/yabasta-records.com\/wp-content\/uploads\/2018\/02\/davidwalters_homeartists.jpg","featured_image_src_square":"https:\/\/yabasta-records.com\/wp-content\/uploads\/2018\/02\/davidwalters_homeartists.jpg","jetpack_sharing_enabled":true,"_links":{"self":[{"href":"https:\/\/yabasta-records.com\/es\/wp-json\/wp\/v2\/pages\/10697","targetHints":{"allow":["GET"]}}],"collection":[{"href":"https:\/\/yabasta-records.com\/es\/wp-json\/wp\/v2\/pages"}],"about":[{"href":"https:\/\/yabasta-records.com\/es\/wp-json\/wp\/v2\/types\/page"}],"author":[{"embeddable":true,"href":"https:\/\/yabasta-records.com\/es\/wp-json\/wp\/v2\/users\/1"}],"replies":[{"embeddable":true,"href":"https:\/\/yabasta-records.com\/es\/wp-json\/wp\/v2\/comments?post=10697"}],"version-history":[{"count":2,"href":"https:\/\/yabasta-records.com\/es\/wp-json\/wp\/v2\/pages\/10697\/revisions"}],"predecessor-version":[{"id":10704,"href":"https:\/\/yabasta-records.com\/es\/wp-json\/wp\/v2\/pages\/10697\/revisions\/10704"}],"wp:featuredmedia":[{"embeddable":true,"href":"https:\/\/yabasta-records.com\/es\/wp-json\/wp\/v2\/media\/9146"}],"wp:attachment":[{"href":"https:\/\/yabasta-records.com\/es\/wp-json\/wp\/v2\/media?parent=10697"}],"curies":[{"name":"wp","href":"https:\/\/api.w.org\/{rel}","templated":true}]}}