{"id":10706,"date":"2018-02-08T14:08:22","date_gmt":"2018-02-08T14:08:22","guid":{"rendered":"https:\/\/yabasta-records.com\/el-hijo-de-la-cumbia"},"modified":"2023-10-12T18:26:08","modified_gmt":"2023-10-12T18:26:08","slug":"el-hijo-de-la-cumbia","status":"publish","type":"page","link":"https:\/\/yabasta-records.com\/es\/el-hijo-de-la-cumbia","title":{"rendered":"El Hijo de la Cumbia"},"content":{"rendered":"\n<h3>Despu\u00e9s de la ola de electro tango, cuidado con el beachcomber de nueva cumbia&#8230; \u00a1Un tsunami electr\u00f3nico total que se apoder\u00f3 de Buenos Aires y est\u00e1 descendiendo sobre el viejo continente! El suelo tiembla al ritmo de estos ritmos tel\u00faricos desde hace casi diez a\u00f1os, con la capital argentina como epicentro. Entre los h\u00e9roes de esta fiebre casi tropical, \u00a1el verdadero malandro es El Hijo de la Cumbia! Empez\u00f3 como pionero y ahora es el patr\u00f3n, el guardi\u00e1n, cuyos lanzamientos son esperados con impaciencia por los cada vez m\u00e1s numerosos aficionados a la nueva cumbia.<\/h3>\n<p>Emiliano G\u00f3mez empez\u00f3 a jugar con los teclados a los doce a\u00f1os, en 1996. Desde entonces, mezcla estilos con maestr\u00eda y realiza remezclas magistrales para numerosos \u00absonideros\u00bb mexicanos y estadounidenses, pero tambi\u00e9n para Gotan Project y Toy Selekhtah del Sonidero Nacional, e incluso produce al grupo de hip hop MP3. La ambici\u00f3n detr\u00e1s de los ritmos desgarrados de este chico argentino de los suburbios es unir a los guetos del mundo en su ghetto blaster.<\/p>\n<p>No tiene nada que ver con las tibias producciones brit\u00e1nicas, ni con otra p\u00e1lida imitaci\u00f3n del techno estadounidense. El objetivo es inventar una banda sonora electr\u00f3nica a partir de las tradiciones locales. El resultado es un din\u00e1mico brebaje de sonidos urbanos y m\u00fasica tradicional para sacudir tanto las preconcepciones como las pistas de baile. Hay que haber estado empapado en sudor en uno de sus DJ sets para asimilar la medida de su \u00abFreestyle de Ritmos\u00bb, un t\u00edtulo que se explica por s\u00ed mismo. Este disco fue publicado en 2010 por \u00a1Ya Basta!: del hip hop al dance-hall, del dubstep al house, El Hijo se infiltra en los cl\u00e1sicos de la cumbia con breakbeats alucinantes, con una creatividad salvaje pero sofisticada. En una palabra: \u00fanico.<\/p>\n<div data-block-name=\"woocommerce\/featured-product\" data-edit-mode=\"false\" data-product-id=\"2114\" class=\"wc-block-featured-product alignnone has-background-dim wp-block-woocommerce-featured-product\" style=\"min-height:500px;\"><div class=\"wc-block-featured-product__wrapper\"><div class=\"background-dim__overlay\" style=\"background-color: #000000\"><\/div><img decoding=\"async\" alt=\"El Hijo de la Cumbia - Freestyle de Ritmos (CD)\" class=\"wc-block-featured-product__background-image\" src=\"https:\/\/yabasta-records.com\/wp-content\/uploads\/2019\/11\/COVER_elhijodelacumbia_FreestyledeRitmos_RVB-1024x1024.jpg\" style=\"object-fit: none;object-position: 50% 50%;\" \/><h2 class=\"wc-block-featured-product__title\">El Hijo de la Cumbia &#8211; Freestyle de Ritmos (CD)<\/h2><div class=\"wc-block-featured-product__description\"><p>\u00abUN DES FONDATEURS DU SON LE PLUS SEXY ET FRAIS VENANT DE BUENOS AIRES DEPUIS LONGTEMPS\u00bb<br \/>\nPhilippe Cohen Solal (Gotan Project)<\/p>\n<p>&nbsp;<\/p>\n<\/div><div class=\"wc-block-featured-product__price\"><span class=\"woocommerce-Price-amount amount\">10,00&nbsp;<span class=\"woocommerce-Price-currencySymbol\">&euro;<\/span><\/span><\/div><div class=\"wc-block-featured-product__inner-blocks\">\n\n<div class=\"wp-block-button aligncenter\"><a class=\"wp-block-button__link\" href=\"https:\/\/yabasta-records.com\/produit\/el-hijo-de-la-cumbia-freestyle-de-ritmos-cd\">Comprar ahora<\/a><\/div>\n\n<\/div><\/div><\/div>","protected":false},"excerpt":{"rendered":"<p>Despu\u00e9s de la ola de electro tango, cuidado con el beachcomber de nueva cumbia&#8230; \u00a1Un tsunami electr\u00f3nico total que se apoder\u00f3 de Buenos Aires y est\u00e1 descendiendo sobre el viejo continente! El suelo tiembla al ritmo de estos ritmos tel\u00faricos desde hace casi diez a\u00f1os, con la capital argentina como epicentro. Entre los h\u00e9roes de esta fiebre casi tropical, \u00a1el verdadero malandro es El Hijo de la Cumbia! Empez\u00f3 como pionero y ahora es el patr\u00f3n, el guardi\u00e1n, cuyos lanzamientos son esperados con impaciencia por los cada vez m\u00e1s numerosos aficionados a la nueva cumbia.<\/p>\n","protected":false},"author":1,"featured_media":0,"parent":0,"menu_order":0,"comment_status":"closed","ping_status":"closed","template":"","meta":{"_acf_changed":false,"footnotes":""},"class_list":["entry","author-yabasta","has-excerpt","post-10706","page","type-page","status-publish"],"acf":[],"featured_image_src":null,"featured_image_src_square":null,"jetpack_sharing_enabled":true,"_links":{"self":[{"href":"https:\/\/yabasta-records.com\/es\/wp-json\/wp\/v2\/pages\/10706","targetHints":{"allow":["GET"]}}],"collection":[{"href":"https:\/\/yabasta-records.com\/es\/wp-json\/wp\/v2\/pages"}],"about":[{"href":"https:\/\/yabasta-records.com\/es\/wp-json\/wp\/v2\/types\/page"}],"author":[{"embeddable":true,"href":"https:\/\/yabasta-records.com\/es\/wp-json\/wp\/v2\/users\/1"}],"replies":[{"embeddable":true,"href":"https:\/\/yabasta-records.com\/es\/wp-json\/wp\/v2\/comments?post=10706"}],"version-history":[{"count":2,"href":"https:\/\/yabasta-records.com\/es\/wp-json\/wp\/v2\/pages\/10706\/revisions"}],"predecessor-version":[{"id":10713,"href":"https:\/\/yabasta-records.com\/es\/wp-json\/wp\/v2\/pages\/10706\/revisions\/10713"}],"wp:attachment":[{"href":"https:\/\/yabasta-records.com\/es\/wp-json\/wp\/v2\/media?parent=10706"}],"curies":[{"name":"wp","href":"https:\/\/api.w.org\/{rel}","templated":true}]}}