{"id":10734,"date":"2018-02-08T14:01:53","date_gmt":"2018-02-08T14:01:53","guid":{"rendered":"https:\/\/yabasta-records.com\/feloche"},"modified":"2023-10-12T18:26:10","modified_gmt":"2023-10-12T18:26:10","slug":"feloche","status":"publish","type":"page","link":"https:\/\/yabasta-records.com\/es\/feloche","title":{"rendered":"F\u00e9loche"},"content":{"rendered":"<h3>\u00a1Escuchad! Es F\u00e9loche presentando el sonido descarado de su mandolina, y su estilo loco y rom\u00e1ntico.<br \/>\nF\u00e9loche ha visto mundo, y no nos referimos s\u00f3lo a que haya viajado. All\u00e1 donde va, hace amigos, con su enorme y brillante sonrisa que parece m\u00e1s grande que \u00e9l. All\u00e1 donde va, se convierte en un lugare\u00f1o, ya sea en la isla de La Gomera, en Nueva York, Ucrania, Ruman\u00eda o Argenteuil. Comparte y la gente comparte con \u00e9l: historias convincentes, un silbido del para\u00edso, sonidos vintage ba\u00f1ados en rock sucio, ritmos, flow e inspiraci\u00f3n.<br \/>\nF\u00e9loche ha reunido en su mesa de mezclas a todos sus h\u00e9roes, mitos, vivencias y sue\u00f1os para el jolgorio musical que es su segundo \u00e1lbum, Silbo.<\/h3>\n<p style=\"text-align: center;\"><iframe loading=\"lazy\" src=\"https:\/\/open.spotify.com\/embed\/artist\/5ucXr4ku0fsOeViLWHM0lF\" width=\"300\" height=\"380\" frameborder=\"0\"><\/iframe><\/p>\n<table width=\"100%\" cellspacing=\"0\" cellpadding=\"0\" border=\"0\" align=\"center\">\n<tbody>\n<tr>\n<td width=\"345\" valign=\"top\">\n<p class=\"artist-det-content\">El silbo es el lenguaje silbado de la isla canaria de La Gomera, donde a\u00fan se utiliza para comunicarse a trav\u00e9s de las monta\u00f1as. La UNESCO ha clasificado esta preciada lengua como \u00abpatrimonio cultural inmaterial de la humanidad\u00bb. Se la transmiti\u00f3 a F\u00e9loche su padrastro, el separatista Bonifacio Santos Herrera, junto con un profundo amor por el pa\u00eds del que estaba exiliado. A los 11 a\u00f1os, F\u00e9loche viaj\u00f3 solo a la isla; el viaje le cambi\u00f3 para siempre. La canci\u00f3n, que en principio iba a aparecer en el \u00e1lbum como homenaje privado, se vio de repente catapultada al dominio p\u00fablico. En Francia, su gravedad emocional no escap\u00f3 a los agudos o\u00eddos de algunos pinchadiscos de radio, que la pusieron para sus audiencias. Se extendi\u00f3 por el Mediterr\u00e1neo como un reguero de p\u00f3lvora y estall\u00f3 en La Gomera, donde recibi\u00f3 cobertura en peri\u00f3dicos, telediarios e incluso en las escuelas, hasta el m\u00e1s alto nivel. La poblaci\u00f3n de La Gomera celebr\u00f3 este incre\u00edble homenaje a su cultura y a su malogrado hermano Bonifacio.<\/p>\n<p>Roxanne Shant\u00e9, la madre del rap neoyorquino, ense\u00f1\u00f3 a F\u00e9loche todo lo que necesitaba saber sobre el flow cuando era ni\u00f1o. Sin embargo, trabajar con ella parec\u00eda un sue\u00f1o lejano, hasta que finalmente apareci\u00f3 en escena para el d\u00fao de hip-hop \u00abT2Ceux\u00bb.<\/p>\n<p>F\u00e9loche tard\u00f3 en llegar hasta Rona Hartner. Al igual que el Gadjo Dilo de Toni Gatlif, la encontr\u00f3 en su b\u00fasqueda del sonido. En sus brazos, cant\u00f3 el trance balc\u00e1nico \u00abMythologie\u00bb.<\/p>\n<p>En \u00abJe Ne Mange Pas 6 Jours\u00bb, Oleg Skrypka, cantante del grupo ucraniano de culto VV, pone su voz sobre un rom\u00e1ntico e implacable ritmo tecno. El t\u00edtulo del tema es ahora la frase en franc\u00e9s m\u00e1s popular en Rusia y Ucrania, donde F\u00e9loche estuvo de gira con VV hace unos a\u00f1os.<\/p>\n<p>La guitarra no tiene cabida en esta celebraci\u00f3n en\u00e9rgica y decadente. Con su interpretaci\u00f3n sentida, F\u00e9loche captura el alma de su mandolina. Con \u00e9l, desplaza los par\u00e1metros de la m\u00fasica disco, el techno y el hip hop, rindiendo puro homenaje al funk ochentero de Prince en \u00abNYC: ODC\u00bb y al piano Honky Tonk de los Stones en \u00abM\u00e9moire Vive\u00bb. El alma de este poeta vacilante se desnuda a trav\u00e9s de su mandolina.<\/p>\n<p>Para el tema \u00abA La L\u00e9g\u00e8re\u00bb, F\u00e9loche hizo realidad su sue\u00f1o de tocar con una orquesta de mandolinas. Reuni\u00f3 a 64 mandolinistas de 7 a 87 a\u00f1os, de la Estudiantina d&#8217;Argenteuil. Juntos, ellos y F\u00e9loche te llevar\u00e1n en volandas por la pista.<\/p>\n<p>En el lenguaje expresivo y rotundo de Silbo, F\u00e9loche confirma lo que prometi\u00f3 en su primer \u00e1lbum, La Vie Cajun: hacer m\u00fasica internacional que enarbole la bandera del humor franc\u00e9s.<\/p>\n<p>Su atenci\u00f3n al detalle y su perfeccionismo no le dejan respiro. Se lanza con la misma sinceridad a todas las dimensiones est\u00e9ticas, exploratorias, humor\u00edsticas, pol\u00edticas, gr\u00e1ficas y escenogr\u00e1ficas que abre su m\u00fasica. Ahora que sus invitados se han ido, F\u00e9loche se dispone a reencarnarlos en el escenario con sus magos Caroline Daparo, Christophe Malherbe y David Rolland. Con \u00e9l, estos m\u00fasicos forman una banda hecha para el escenario.<\/p>\n<\/td>\n<td width=\"30\" valign=\"top\"><\/td>\n<\/tr>\n<\/tbody>\n<\/table>\n","protected":false},"excerpt":{"rendered":"<p>\u00a1Escuchad! Es F\u00e9loche presentando el sonido descarado de su mandolina, y su estilo loco y rom\u00e1ntico. F\u00e9loche ha visto mundo, y no nos referimos s\u00f3lo a que haya viajado. All\u00e1 donde va, hace amigos, con su enorme y brillante sonrisa que parece m\u00e1s grande que \u00e9l. All\u00e1 donde va, se convierte en un lugare\u00f1o, ya sea en la isla de La Gomera, en Nueva York, Ucrania, Ruman\u00eda o Argenteuil. Comparte y la gente comparte con \u00e9l: historias convincentes, un silbido del para\u00edso, sonidos vintage ba\u00f1ados en rock sucio, ritmos, flow e inspiraci\u00f3n. F\u00e9loche ha reunido en su mesa de mezclas a todos sus h\u00e9roes, mitos,<span class=\"more-link\"><a href=\"https:\/\/yabasta-records.com\/es\/feloche\">Read More &rarr;<\/a><\/span><\/p>\n","protected":false},"author":1,"featured_media":9149,"parent":0,"menu_order":0,"comment_status":"closed","ping_status":"closed","template":"","meta":{"_acf_changed":false,"footnotes":""},"class_list":["entry","author-yabasta","post-10734","page","type-page","status-publish","has-post-thumbnail"],"acf":[],"featured_image_src":"https:\/\/yabasta-records.com\/wp-content\/uploads\/2018\/02\/feloche_web_72dpi_rvb-295.jpg","featured_image_src_square":"https:\/\/yabasta-records.com\/wp-content\/uploads\/2018\/02\/feloche_web_72dpi_rvb-295.jpg","jetpack_sharing_enabled":true,"_links":{"self":[{"href":"https:\/\/yabasta-records.com\/es\/wp-json\/wp\/v2\/pages\/10734","targetHints":{"allow":["GET"]}}],"collection":[{"href":"https:\/\/yabasta-records.com\/es\/wp-json\/wp\/v2\/pages"}],"about":[{"href":"https:\/\/yabasta-records.com\/es\/wp-json\/wp\/v2\/types\/page"}],"author":[{"embeddable":true,"href":"https:\/\/yabasta-records.com\/es\/wp-json\/wp\/v2\/users\/1"}],"replies":[{"embeddable":true,"href":"https:\/\/yabasta-records.com\/es\/wp-json\/wp\/v2\/comments?post=10734"}],"version-history":[{"count":2,"href":"https:\/\/yabasta-records.com\/es\/wp-json\/wp\/v2\/pages\/10734\/revisions"}],"predecessor-version":[{"id":10741,"href":"https:\/\/yabasta-records.com\/es\/wp-json\/wp\/v2\/pages\/10734\/revisions\/10741"}],"wp:featuredmedia":[{"embeddable":true,"href":"https:\/\/yabasta-records.com\/es\/wp-json\/wp\/v2\/media\/9149"}],"wp:attachment":[{"href":"https:\/\/yabasta-records.com\/es\/wp-json\/wp\/v2\/media?parent=10734"}],"curies":[{"name":"wp","href":"https:\/\/api.w.org\/{rel}","templated":true}]}}