{"id":10735,"date":"2015-01-11T16:17:04","date_gmt":"2015-01-11T16:17:04","guid":{"rendered":"https:\/\/yabasta-records.com\/el-blog-de-ubix"},"modified":"2023-10-12T18:26:10","modified_gmt":"2023-10-12T18:26:10","slug":"el-blog-de-ubix","status":"publish","type":"page","link":"https:\/\/yabasta-records.com\/es\/el-blog-de-ubix","title":{"rendered":"El blog de Ubix"},"content":{"rendered":"<p>Se trata de un texto opcional que puede editarse desde la pantalla Editar p\u00e1gina.<br \/>\n(Si no ves las entradas del blog a continuaci\u00f3n, ve a Configuraci\u00f3n &#8211; Lectura en tu wp-admin y establece tu P\u00e1gina de Entradas como esta p\u00e1gina)<\/p>\n","protected":false},"excerpt":{"rendered":"<p>Se trata de un texto opcional que puede editarse desde la pantalla Editar p\u00e1gina. (Si no ves las entradas del blog a continuaci\u00f3n, ve a Configuraci\u00f3n &#8211; Lectura en tu wp-admin y establece tu P\u00e1gina de Entradas como esta p\u00e1gina)<\/p>\n","protected":false},"author":1,"featured_media":0,"parent":0,"menu_order":0,"comment_status":"open","ping_status":"open","template":"","meta":{"_acf_changed":false,"footnotes":""},"class_list":["entry","author-yabasta","post-10735","page","type-page","status-publish"],"acf":[],"featured_image_src":null,"featured_image_src_square":null,"jetpack_sharing_enabled":true,"_links":{"self":[{"href":"https:\/\/yabasta-records.com\/es\/wp-json\/wp\/v2\/pages\/10735","targetHints":{"allow":["GET"]}}],"collection":[{"href":"https:\/\/yabasta-records.com\/es\/wp-json\/wp\/v2\/pages"}],"about":[{"href":"https:\/\/yabasta-records.com\/es\/wp-json\/wp\/v2\/types\/page"}],"author":[{"embeddable":true,"href":"https:\/\/yabasta-records.com\/es\/wp-json\/wp\/v2\/users\/1"}],"replies":[{"embeddable":true,"href":"https:\/\/yabasta-records.com\/es\/wp-json\/wp\/v2\/comments?post=10735"}],"version-history":[{"count":1,"href":"https:\/\/yabasta-records.com\/es\/wp-json\/wp\/v2\/pages\/10735\/revisions"}],"predecessor-version":[{"id":10739,"href":"https:\/\/yabasta-records.com\/es\/wp-json\/wp\/v2\/pages\/10735\/revisions\/10739"}],"wp:attachment":[{"href":"https:\/\/yabasta-records.com\/es\/wp-json\/wp\/v2\/media?parent=10735"}],"curies":[{"name":"wp","href":"https:\/\/api.w.org\/{rel}","templated":true}]}}