{"id":10744,"date":"2015-01-10T08:43:34","date_gmt":"2015-01-10T08:43:34","guid":{"rendered":"https:\/\/yabasta-records.com\/pagina-de-inicio"},"modified":"2023-10-12T18:26:10","modified_gmt":"2023-10-12T18:26:10","slug":"pagina-de-inicio","status":"publish","type":"page","link":"https:\/\/yabasta-records.com\/es\/pagina-de-inicio","title":{"rendered":"P\u00e1gina de inicio"},"content":{"rendered":"<p>&nbsp;<\/p>\n<h3 style=\"text-align: center;font-size: 20px\">PONERSE EN CONTACTO<\/h3>\n<p style=\"text-align: center\">Utilice una combinaci\u00f3n de widgets para crear una Secci\u00f3n de Contacto.<br \/>\nEsta secci\u00f3n de contacto de demostraci\u00f3n se ha creado utilizando el widget &#8216;Hoot &gt; Call To Action&#8217;, el plugin Contact Form 7 y el plugin Google Maps.<\/p>\n<p>&nbsp;<\/p>\n<p>&nbsp;<\/p>\n<p>&#8212; A\u00f1adir formulario de contacto shortcode aqu\u00ed &#8212;<\/p>\n<p>&nbsp;<\/p>\n","protected":false},"excerpt":{"rendered":"<p>&nbsp; PONERSE EN CONTACTO Utilice una combinaci\u00f3n de widgets para crear una Secci\u00f3n de Contacto. Esta secci\u00f3n de contacto de demostraci\u00f3n se ha creado utilizando el widget &#8216;Hoot &gt; Call To Action&#8217;, el plugin Contact Form 7 y el plugin Google Maps. &nbsp; &nbsp; &#8212; A\u00f1adir formulario de contacto shortcode aqu\u00ed &#8212; &nbsp;<\/p>\n","protected":false},"author":1,"featured_media":0,"parent":0,"menu_order":0,"comment_status":"open","ping_status":"open","template":"","meta":{"_acf_changed":false,"footnotes":""},"class_list":["entry","author-yabasta","post-10744","page","type-page","status-publish"],"acf":[],"featured_image_src":null,"featured_image_src_square":null,"jetpack_sharing_enabled":true,"_links":{"self":[{"href":"https:\/\/yabasta-records.com\/es\/wp-json\/wp\/v2\/pages\/10744","targetHints":{"allow":["GET"]}}],"collection":[{"href":"https:\/\/yabasta-records.com\/es\/wp-json\/wp\/v2\/pages"}],"about":[{"href":"https:\/\/yabasta-records.com\/es\/wp-json\/wp\/v2\/types\/page"}],"author":[{"embeddable":true,"href":"https:\/\/yabasta-records.com\/es\/wp-json\/wp\/v2\/users\/1"}],"replies":[{"embeddable":true,"href":"https:\/\/yabasta-records.com\/es\/wp-json\/wp\/v2\/comments?post=10744"}],"version-history":[{"count":1,"href":"https:\/\/yabasta-records.com\/es\/wp-json\/wp\/v2\/pages\/10744\/revisions"}],"predecessor-version":[{"id":10745,"href":"https:\/\/yabasta-records.com\/es\/wp-json\/wp\/v2\/pages\/10744\/revisions\/10745"}],"wp:attachment":[{"href":"https:\/\/yabasta-records.com\/es\/wp-json\/wp\/v2\/media?parent=10744"}],"curies":[{"name":"wp","href":"https:\/\/api.w.org\/{rel}","templated":true}]}}