{"id":10748,"date":"2015-03-16T15:32:22","date_gmt":"2015-03-16T15:32:22","guid":{"rendered":"https:\/\/yabasta-records.com\/extras-para-desarrolladores"},"modified":"2023-10-12T18:26:51","modified_gmt":"2023-10-12T18:26:51","slug":"extras-para-desarrolladores","status":"publish","type":"page","link":"https:\/\/yabasta-records.com\/es\/extras-para-desarrolladores","title":{"rendered":"Extras para desarrolladores"},"content":{"rendered":"<h3>Hojas de estilo LESS<\/h3>\n<p><img loading=\"lazy\" decoding=\"async\" src=\"http:\/\/demo.wphoot.com\/responsive-brix\/wp-content\/uploads\/sites\/4\/2015\/03\/less-stylesheets.jpg\" alt=\"menos hojas de estilo\" width=\"900\" height=\"582\" class=\"aligncenter size-full wp-image-334\"><\/p>\n<p>&nbsp;<\/p>\n<h3>Soporte completo para temas infantiles con numerosas acciones y filtros<\/h3>\n<p>Cree temas hijo para personalizar este tema. Utilice las acciones y filtros disponibles en todo el tema para modificar su sitio web. Esto le ayuda a actualizar f\u00e1cilmente el tema principal sin perder sus modificaciones.<\/p>\n<p>&nbsp;<\/p>\n<h3>Importar\/exportar ajustes del personalizador<\/h3>\n<p><img loading=\"lazy\" decoding=\"async\" src=\"https:\/\/yabasta-records.com\/wp-content\/uploads\/2015\/03\/admin-import-export.jpg\" alt=\"admin-import-export\" width=\"546\" height=\"452\" class=\"aligncenter size-full wp-image-418\"><\/p>\n<p>&nbsp;<\/p>\n<h3>CSS y Javascript personalizados<\/h3>\n<p>A\u00f1ade JS personalizados (Google Analytics, otros scripts de terceros) y CSS f\u00e1cilmente desde el panel de administraci\u00f3n para que estos cambios no se vean afectados por las actualizaciones del tema.<\/p>\n<p>&nbsp;<\/p>\n","protected":false},"excerpt":{"rendered":"<p>Hojas de estilo LESS &nbsp; Soporte completo para temas infantiles con numerosas acciones y filtros Cree temas hijo para personalizar este tema. Utilice las acciones y filtros disponibles en todo el tema para modificar su sitio web. Esto le ayuda a actualizar f\u00e1cilmente el tema principal sin perder sus modificaciones. &nbsp; Importar\/exportar ajustes del personalizador &nbsp; CSS y Javascript personalizados A\u00f1ade JS personalizados (Google Analytics, otros scripts de terceros) y CSS f\u00e1cilmente desde el panel de administraci\u00f3n para que estos cambios no se vean afectados por las actualizaciones del tema. &nbsp;<\/p>\n","protected":false},"author":1,"featured_media":0,"parent":0,"menu_order":0,"comment_status":"open","ping_status":"open","template":"","meta":{"_acf_changed":false,"footnotes":""},"class_list":["entry","author-yabasta","post-10748","page","type-page","status-publish"],"acf":[],"featured_image_src":null,"featured_image_src_square":null,"jetpack_sharing_enabled":true,"_links":{"self":[{"href":"https:\/\/yabasta-records.com\/es\/wp-json\/wp\/v2\/pages\/10748","targetHints":{"allow":["GET"]}}],"collection":[{"href":"https:\/\/yabasta-records.com\/es\/wp-json\/wp\/v2\/pages"}],"about":[{"href":"https:\/\/yabasta-records.com\/es\/wp-json\/wp\/v2\/types\/page"}],"author":[{"embeddable":true,"href":"https:\/\/yabasta-records.com\/es\/wp-json\/wp\/v2\/users\/1"}],"replies":[{"embeddable":true,"href":"https:\/\/yabasta-records.com\/es\/wp-json\/wp\/v2\/comments?post=10748"}],"version-history":[{"count":1,"href":"https:\/\/yabasta-records.com\/es\/wp-json\/wp\/v2\/pages\/10748\/revisions"}],"predecessor-version":[{"id":10755,"href":"https:\/\/yabasta-records.com\/es\/wp-json\/wp\/v2\/pages\/10748\/revisions\/10755"}],"wp:attachment":[{"href":"https:\/\/yabasta-records.com\/es\/wp-json\/wp\/v2\/media?parent=10748"}],"curies":[{"name":"wp","href":"https:\/\/api.w.org\/{rel}","templated":true}]}}