{"id":10779,"date":"2015-05-26T11:46:16","date_gmt":"2015-05-26T11:46:16","guid":{"rendered":"https:\/\/yabasta-records.com\/cajas-de-contenido\/gracias-por-su-suscripcion"},"modified":"2023-10-12T18:26:52","modified_gmt":"2023-10-12T18:26:52","slug":"gracias-por-su-suscripcion","status":"publish","type":"page","link":"https:\/\/yabasta-records.com\/es\/cajas-de-contenido\/gracias-por-su-suscripcion","title":{"rendered":"Gracias por su suscripci\u00f3n"},"content":{"rendered":"<p>Philippe Cohen Solal (Gotan Project) ha elaborado una lista de reproducci\u00f3n tem\u00e1tica sobre Par\u00eds mientras preparamos la pr\u00f3xima edici\u00f3n de \u00a1Ya Basta! Liberaci\u00f3n.<a href=\"http:\/\/bit.ly\/parislist\"><img loading=\"lazy\" decoding=\"async\" class=\"aligncenter wp-image-1306 size-medium\" src=\"https:\/\/yabasta-records.com\/wp-content\/uploads\/2019\/10\/PCS-A-PARIS-PLAYLIST-sepia2-300x300.png\" alt=\"lista de reproducci\u00f3n de par\u00eds\" width=\"300\" height=\"300\"><\/a><\/p>\n","protected":false},"excerpt":{"rendered":"<p>Philippe Cohen Solal (Gotan Project) ha elaborado una lista de reproducci\u00f3n tem\u00e1tica sobre Par\u00eds mientras preparamos la pr\u00f3xima edici\u00f3n de \u00a1Ya Basta! Liberaci\u00f3n.<\/p>\n","protected":false},"author":1,"featured_media":0,"parent":10777,"menu_order":0,"comment_status":"open","ping_status":"open","template":"","meta":{"_acf_changed":false,"footnotes":""},"class_list":["entry","author-yabasta","post-10779","page","type-page","status-publish"],"acf":[],"featured_image_src":null,"featured_image_src_square":null,"jetpack_sharing_enabled":true,"_links":{"self":[{"href":"https:\/\/yabasta-records.com\/es\/wp-json\/wp\/v2\/pages\/10779","targetHints":{"allow":["GET"]}}],"collection":[{"href":"https:\/\/yabasta-records.com\/es\/wp-json\/wp\/v2\/pages"}],"about":[{"href":"https:\/\/yabasta-records.com\/es\/wp-json\/wp\/v2\/types\/page"}],"author":[{"embeddable":true,"href":"https:\/\/yabasta-records.com\/es\/wp-json\/wp\/v2\/users\/1"}],"replies":[{"embeddable":true,"href":"https:\/\/yabasta-records.com\/es\/wp-json\/wp\/v2\/comments?post=10779"}],"version-history":[{"count":1,"href":"https:\/\/yabasta-records.com\/es\/wp-json\/wp\/v2\/pages\/10779\/revisions"}],"predecessor-version":[{"id":10786,"href":"https:\/\/yabasta-records.com\/es\/wp-json\/wp\/v2\/pages\/10779\/revisions\/10786"}],"up":[{"embeddable":true,"href":"https:\/\/yabasta-records.com\/es\/wp-json\/wp\/v2\/pages\/10777"}],"wp:attachment":[{"href":"https:\/\/yabasta-records.com\/es\/wp-json\/wp\/v2\/media?parent=10779"}],"curies":[{"name":"wp","href":"https:\/\/api.w.org\/{rel}","templated":true}]}}