{"id":10811,"date":"2016-11-28T10:32:35","date_gmt":"2016-11-28T10:32:35","guid":{"rendered":"https:\/\/yabasta-records.com\/404-pagina"},"modified":"2023-10-12T18:26:54","modified_gmt":"2023-10-12T18:26:54","slug":"404-pagina","status":"publish","type":"page","link":"https:\/\/yabasta-records.com\/es\/404-pagina","title":{"rendered":"404 P\u00e1gina"},"content":{"rendered":"<h3 style=\"text-align: center;\"><span style=\"font-weight: bold; font-size: 170px; line-height: 125px;\">&lt;  404  &gt;<\/span><\/h3>\n<h3 style=\"text-align: center;\"><span style=\"font-size: 75px; line-height: 75px;\">\u00a1\u00a1\u00a1P\u00c1GINA NO ENCONTRADA!!!<\/span><\/h3>\n<h3 style=\"text-align: center;\"><span style=\"font-size: 25px; line-height: 25px;\">Rel\u00e1jate y vuelve o <a href=\"http:\/\/yabasta-records.com\/ya-basta-live-3\">ve a escuchar algo de m\u00fasica<\/a><br \/>\n<\/span><\/h3>\n<p style=\"text-align: center;\">\n","protected":false},"excerpt":{"rendered":"<p>&lt; 404 &gt; \u00a1\u00a1\u00a1P\u00c1GINA NO ENCONTRADA!!! Rel\u00e1jate y vuelve o ve a escuchar algo de m\u00fasica<\/p>\n","protected":false},"author":1,"featured_media":0,"parent":0,"menu_order":0,"comment_status":"closed","ping_status":"closed","template":"","meta":{"_acf_changed":false,"footnotes":""},"class_list":["entry","author-yabasta","post-10811","page","type-page","status-publish"],"acf":[],"featured_image_src":null,"featured_image_src_square":null,"jetpack_sharing_enabled":true,"_links":{"self":[{"href":"https:\/\/yabasta-records.com\/es\/wp-json\/wp\/v2\/pages\/10811","targetHints":{"allow":["GET"]}}],"collection":[{"href":"https:\/\/yabasta-records.com\/es\/wp-json\/wp\/v2\/pages"}],"about":[{"href":"https:\/\/yabasta-records.com\/es\/wp-json\/wp\/v2\/types\/page"}],"author":[{"embeddable":true,"href":"https:\/\/yabasta-records.com\/es\/wp-json\/wp\/v2\/users\/1"}],"replies":[{"embeddable":true,"href":"https:\/\/yabasta-records.com\/es\/wp-json\/wp\/v2\/comments?post=10811"}],"version-history":[{"count":1,"href":"https:\/\/yabasta-records.com\/es\/wp-json\/wp\/v2\/pages\/10811\/revisions"}],"predecessor-version":[{"id":10813,"href":"https:\/\/yabasta-records.com\/es\/wp-json\/wp\/v2\/pages\/10811\/revisions\/10813"}],"wp:attachment":[{"href":"https:\/\/yabasta-records.com\/es\/wp-json\/wp\/v2\/media?parent=10811"}],"curies":[{"name":"wp","href":"https:\/\/api.w.org\/{rel}","templated":true}]}}