{"id":10839,"date":"2019-10-23T08:23:26","date_gmt":"2019-10-23T08:23:26","guid":{"rendered":"https:\/\/yabasta-records.com\/hello"},"modified":"2023-10-18T11:33:06","modified_gmt":"2023-10-18T11:33:06","slug":"hello","status":"publish","type":"page","link":"https:\/\/yabasta-records.com\/es","title":{"rendered":"Home"},"content":{"rendered":"\n\n\n\n\n<div style=\"height:80px\" aria-hidden=\"true\" class=\"wp-block-spacer\"><\/div>\n\n\n\n<h4 class=\"wp-block-heading\">\u00daltimas noticias<\/h4>\n\n\n<section class=\"gb-block-post-grid featuredpost aligncenter\"><div class=\"gb-post-grid-items is-grid columns-3\"><article id=\"post-11499\" class=\"entry author-yabasta has-excerpt gb-post-grid-item post-11499 post type-post status-publish format-standard has-post-thumbnail category-sin-categorizar\"><div class=\"gb-block-post-grid-image\"><a href=\"https:\/\/yabasta-records.com\/es\/por-una-cabeza-tech-remix-ya-disponible\" rel=\"bookmark\" aria-hidden=\"true\" tabindex=\"-1\"><img loading=\"lazy\" decoding=\"async\" width=\"2560\" height=\"2560\" src=\"https:\/\/yabasta-records.com\/wp-content\/uploads\/2026\/03\/delgado_cabeza_tech-2-1-scaled.jpg\" class=\"attachment-full size-full\" alt=\"\" srcset=\"https:\/\/yabasta-records.com\/wp-content\/uploads\/2026\/03\/delgado_cabeza_tech-2-1-scaled.jpg 2560w, https:\/\/yabasta-records.com\/wp-content\/uploads\/2026\/03\/delgado_cabeza_tech-2-1-300x300.jpg 300w, https:\/\/yabasta-records.com\/wp-content\/uploads\/2026\/03\/delgado_cabeza_tech-2-1-1024x1024.jpg 1024w, https:\/\/yabasta-records.com\/wp-content\/uploads\/2026\/03\/delgado_cabeza_tech-2-1-150x150.jpg 150w, https:\/\/yabasta-records.com\/wp-content\/uploads\/2026\/03\/delgado_cabeza_tech-2-1-768x768.jpg 768w, https:\/\/yabasta-records.com\/wp-content\/uploads\/2026\/03\/delgado_cabeza_tech-2-1-1536x1536.jpg 1536w, https:\/\/yabasta-records.com\/wp-content\/uploads\/2026\/03\/delgado_cabeza_tech-2-1-2048x2048.jpg 2048w, https:\/\/yabasta-records.com\/wp-content\/uploads\/2026\/03\/delgado_cabeza_tech-2-1-600x600.jpg 600w, https:\/\/yabasta-records.com\/wp-content\/uploads\/2026\/03\/delgado_cabeza_tech-2-1-425x425.jpg 425w, https:\/\/yabasta-records.com\/wp-content\/uploads\/2026\/03\/delgado_cabeza_tech-2-1-100x100.jpg 100w\" sizes=\"auto, (max-width: 2560px) 100vw, 2560px\" \/><\/a><\/div><div class=\"gb-block-post-grid-text\"><header class=\"gb-block-post-grid-header\"><h4 class=\"gb-block-post-grid-title\"><a href=\"https:\/\/yabasta-records.com\/es\/por-una-cabeza-tech-remix-ya-disponible\" rel=\"bookmark\">\u00a1Por Una Cabeza (Tech Remix) Ya Disponible!<\/a><\/h4><div class=\"gb-block-post-grid-byline\"><\/div><\/header><div class=\"gb-block-post-grid-excerpt\"><p>\u00abPor Una Cabeza (Tech Remix) de Delgado y Cohen Solal combina ritmos electr\u00f3nicos con violonchelo, mezclando estilos modernos y tradicionales. Ya disponible en todas las plataformas!\u00bb<\/p>\n<p><a class=\"gb-block-post-grid-more-link gb-text-link\" href=\"https:\/\/yabasta-records.com\/es\/por-una-cabeza-tech-remix-ya-disponible\" rel=\"bookmark\">Read more <span class=\"screen-reader-text\">\u00a1Por Una Cabeza (Tech Remix) Ya Disponible!<\/span><\/a><\/p><\/div><\/div><\/article>\n<article id=\"post-11077\" class=\"entry author-yabasta has-excerpt gb-post-grid-item post-11077 post type-post status-publish format-standard has-post-thumbnail category-75010-es category-philippe-cohen-solal-es tag-album-es-2 tag-classof89-es tag-gotanproject-es tag-judithchemla-es tag-newrelease-es tag-paris-es-2 tag-philippecohensolal-es tag-sarahmccoy-es tag-tangoytango-es tag-uzay-es-2\"><div class=\"gb-block-post-grid-image\"><a href=\"https:\/\/yabasta-records.com\/es\/presave-75010-de-philippe-cohen-solal-a-la-venta-el-22-de-marzo\" rel=\"bookmark\" aria-hidden=\"true\" tabindex=\"-1\"><img loading=\"lazy\" decoding=\"async\" width=\"1024\" height=\"1024\" src=\"https:\/\/yabasta-records.com\/wp-content\/uploads\/2024\/03\/75010-albumcover-def.jpg\" class=\"attachment-full size-full\" alt=\"\" srcset=\"https:\/\/yabasta-records.com\/wp-content\/uploads\/2024\/03\/75010-albumcover-def.jpg 1024w, https:\/\/yabasta-records.com\/wp-content\/uploads\/2024\/03\/75010-albumcover-def-300x300.jpg 300w, https:\/\/yabasta-records.com\/wp-content\/uploads\/2024\/03\/75010-albumcover-def-150x150.jpg 150w, https:\/\/yabasta-records.com\/wp-content\/uploads\/2024\/03\/75010-albumcover-def-768x768.jpg 768w, https:\/\/yabasta-records.com\/wp-content\/uploads\/2024\/03\/75010-albumcover-def-600x600.jpg 600w, https:\/\/yabasta-records.com\/wp-content\/uploads\/2024\/03\/75010-albumcover-def-425x425.jpg 425w, https:\/\/yabasta-records.com\/wp-content\/uploads\/2024\/03\/75010-albumcover-def-100x100.jpg 100w\" sizes=\"auto, (max-width: 1024px) 100vw, 1024px\" \/><\/a><\/div><div class=\"gb-block-post-grid-text\"><header class=\"gb-block-post-grid-header\"><h4 class=\"gb-block-post-grid-title\"><a href=\"https:\/\/yabasta-records.com\/es\/presave-75010-de-philippe-cohen-solal-a-la-venta-el-22-de-marzo\" rel=\"bookmark\">Pre-guarda \u00ab75010\u00bb de Philippe Cohen Solal (a la venta el 22 de marzo)<\/a><\/h4><div class=\"gb-block-post-grid-byline\"><\/div><\/header><div class=\"gb-block-post-grid-excerpt\"><p>Tras el lanzamiento el a\u00f1o pasado del EP \u00abClass Of 89\u00bb, y despu\u00e9s de componer la m\u00fasica original para el espect\u00e1culo \u00abTANGO y TANGO\u00bb, Philippe Cohen Solal (Gotan Project) presenta ahora su nuevo \u00e1lbum \u00ab75010\u00bb, que saldr\u00e1 a la venta este viernes.<\/p>\n<p><a class=\"gb-block-post-grid-more-link gb-text-link\" href=\"https:\/\/yabasta-records.com\/es\/presave-75010-de-philippe-cohen-solal-a-la-venta-el-22-de-marzo\" rel=\"bookmark\">Read more <span class=\"screen-reader-text\">Pre-guarda \u00ab75010\u00bb de Philippe Cohen Solal (a la venta el 22 de marzo)<\/span><\/a><\/p><\/div><\/div><\/article>\n<article id=\"post-9982\" class=\"entry author-yabasta has-excerpt gb-post-grid-item post-9982 post type-post status-publish format-standard has-post-thumbnail category-sin-categorizar tag-75010-pe tag-efelide-es tag-philippe-cohen-solal-es tag-solo tag-uzay-es\"><div class=\"gb-block-post-grid-image\"><a href=\"https:\/\/yabasta-records.com\/es\/philippe-cohen-solal-lanza-elmas-feat-uzay\" rel=\"bookmark\" aria-hidden=\"true\" tabindex=\"-1\"><img loading=\"lazy\" decoding=\"async\" width=\"2160\" height=\"2160\" src=\"https:\/\/yabasta-records.com\/wp-content\/uploads\/2023\/10\/75010-cover-single-elmas-3.jpg\" class=\"attachment-full size-full\" alt=\"\" srcset=\"https:\/\/yabasta-records.com\/wp-content\/uploads\/2023\/10\/75010-cover-single-elmas-3.jpg 2160w, https:\/\/yabasta-records.com\/wp-content\/uploads\/2023\/10\/75010-cover-single-elmas-3-300x300.jpg 300w, https:\/\/yabasta-records.com\/wp-content\/uploads\/2023\/10\/75010-cover-single-elmas-3-1024x1024.jpg 1024w, https:\/\/yabasta-records.com\/wp-content\/uploads\/2023\/10\/75010-cover-single-elmas-3-150x150.jpg 150w, https:\/\/yabasta-records.com\/wp-content\/uploads\/2023\/10\/75010-cover-single-elmas-3-768x768.jpg 768w, https:\/\/yabasta-records.com\/wp-content\/uploads\/2023\/10\/75010-cover-single-elmas-3-1536x1536.jpg 1536w, https:\/\/yabasta-records.com\/wp-content\/uploads\/2023\/10\/75010-cover-single-elmas-3-2048x2048.jpg 2048w, https:\/\/yabasta-records.com\/wp-content\/uploads\/2023\/10\/75010-cover-single-elmas-3-425x425.jpg 425w, https:\/\/yabasta-records.com\/wp-content\/uploads\/2023\/10\/75010-cover-single-elmas-3-600x600.jpg 600w, https:\/\/yabasta-records.com\/wp-content\/uploads\/2023\/10\/75010-cover-single-elmas-3-100x100.jpg 100w\" sizes=\"auto, (max-width: 2160px) 100vw, 2160px\" \/><\/a><\/div><div class=\"gb-block-post-grid-text\"><header class=\"gb-block-post-grid-header\"><h4 class=\"gb-block-post-grid-title\"><a href=\"https:\/\/yabasta-records.com\/es\/philippe-cohen-solal-lanza-elmas-feat-uzay\" rel=\"bookmark\">Philippe Cohen Solal lanza \u00abElmas\u00bb feat. Uzay<\/a><\/h4><div class=\"gb-block-post-grid-byline\"><\/div><\/header><div class=\"gb-block-post-grid-excerpt\"><p>Philippe Cohen Solal &amp; Uzay acaban de publicar \u00abElmas\u00bb, segundo single extra\u00eddo de \u00ab75010\u00bb.  <\/p>\n<p><a class=\"gb-block-post-grid-more-link gb-text-link\" href=\"https:\/\/yabasta-records.com\/es\/philippe-cohen-solal-lanza-elmas-feat-uzay\" rel=\"bookmark\">Read more <span class=\"screen-reader-text\">Philippe Cohen Solal lanza \u00abElmas\u00bb feat. Uzay<\/span><\/a><\/p><\/div><\/div><\/article>\n<\/div><\/section>\n\n\n<div style=\"height:40px\" aria-hidden=\"true\" class=\"wp-block-spacer\"><\/div>\n\n\n\n<h4 class=\"wp-block-heading\">ESCUCHA EL \u00daLTIMO \u00a1YA BASTA! PUBLICACIONES<\/h4>\n\n\n\n<figure class=\"wp-block-embed is-type-video is-provider-youtube wp-block-embed-youtube wp-embed-aspect-16-9 wp-has-aspect-ratio\"><div class=\"wp-block-embed__wrapper\">\n<iframe loading=\"lazy\" title=\"Philippe Cohen Solal &amp; Keziah Jones - Give Thanks &amp; Praises (Official Music Video)\" width=\"1260\" height=\"709\" src=\"https:\/\/www.youtube.com\/embed\/IYpiGWA8SIQ?feature=oembed\" frameborder=\"0\" allow=\"accelerometer; autoplay; clipboard-write; encrypted-media; gyroscope; picture-in-picture; web-share\" allowfullscreen><\/iframe>\n<\/div><\/figure>\n\n\n\n<div style=\"height:80px\" aria-hidden=\"true\" class=\"wp-block-spacer\"><\/div>\n\n\n\n<center>\u00a1Ya Basta! R\u00e9cords desde 1997<\/center>\n","protected":false},"excerpt":{"rendered":"<p>\u00daltimas noticias ESCUCHA EL \u00daLTIMO \u00a1YA BASTA! PUBLICACIONES \u00a1Ya Basta! R\u00e9cords desde 1997<\/p>\n","protected":false},"author":1,"featured_media":0,"parent":0,"menu_order":0,"comment_status":"closed","ping_status":"closed","template":"","meta":{"_acf_changed":false,"footnotes":""},"class_list":["entry","author-yabasta","post-10839","page","type-page","status-publish"],"acf":[],"featured_image_src":null,"featured_image_src_square":null,"jetpack_sharing_enabled":true,"_links":{"self":[{"href":"https:\/\/yabasta-records.com\/es\/wp-json\/wp\/v2\/pages\/10839","targetHints":{"allow":["GET"]}}],"collection":[{"href":"https:\/\/yabasta-records.com\/es\/wp-json\/wp\/v2\/pages"}],"about":[{"href":"https:\/\/yabasta-records.com\/es\/wp-json\/wp\/v2\/types\/page"}],"author":[{"embeddable":true,"href":"https:\/\/yabasta-records.com\/es\/wp-json\/wp\/v2\/users\/1"}],"replies":[{"embeddable":true,"href":"https:\/\/yabasta-records.com\/es\/wp-json\/wp\/v2\/comments?post=10839"}],"version-history":[{"count":4,"href":"https:\/\/yabasta-records.com\/es\/wp-json\/wp\/v2\/pages\/10839\/revisions"}],"predecessor-version":[{"id":10988,"href":"https:\/\/yabasta-records.com\/es\/wp-json\/wp\/v2\/pages\/10839\/revisions\/10988"}],"wp:attachment":[{"href":"https:\/\/yabasta-records.com\/es\/wp-json\/wp\/v2\/media?parent=10839"}],"curies":[{"name":"wp","href":"https:\/\/api.w.org\/{rel}","templated":true}]}}