{"id":10856,"date":"2019-12-11T14:50:49","date_gmt":"2019-12-11T14:50:49","guid":{"rendered":"https:\/\/yabasta-records.com\/ya-basta-en-directo"},"modified":"2023-10-12T19:05:39","modified_gmt":"2023-10-12T19:05:39","slug":"ya-basta-en-directo","status":"publish","type":"page","link":"https:\/\/yabasta-records.com\/es\/ya-basta-en-directo","title":{"rendered":"\u00a1Ya Basta! En directo"},"content":{"rendered":"\n<figure class=\"wp-block-embed is-type-video is-provider-youtube wp-block-embed-youtube wp-embed-aspect-16-9 wp-has-aspect-ratio\"><div class=\"wp-block-embed__wrapper\">\n<iframe loading=\"lazy\" title=\"CHRISTMAS SESSION ! Philippe Cohen Solal w\/ Marc Kraftchik | \u00a1Ya Basta! Live #13\" width=\"1260\" height=\"709\" src=\"https:\/\/www.youtube.com\/embed\/cuajbmeIkoE?feature=oembed\" frameborder=\"0\" allow=\"accelerometer; autoplay; clipboard-write; encrypted-media; gyroscope; picture-in-picture; web-share\" allowfullscreen><\/iframe>\n<\/div><figcaption class=\"wp-element-caption\">A petici\u00f3n del p\u00fablico: DJ Set especial de Navidad a cargo del cofundador de Gotan Project, Philippe Cohen Solal, con la participaci\u00f3n de Marc Kraftchik, percusionista de la famosa cantante francesa Veronique Sanson. <br><\/figcaption><\/figure>\n\n<p>Todos los meses, abrimos nuestro despacho y sala de estar a nuestros amigos y m\u00fasicos de talento para una sesi\u00f3n en directo. Se podr\u00e1 disfrutar de una gran variedad de sesiones, desde cumbia digital hasta trap cubano, pasando por dj sets electr\u00f3nicos, pop franc\u00e9s o sesiones tem\u00e1ticas especiales.<\/p>\n<p><a href=\"https:\/\/www.youtube.com\/watch?v=GKb5OOOyNGU\">Mo Laudi<\/a>, <a href=\"https:\/\/www.youtube.com\/watch?v=339paAHXv88\">El Buho<\/a>, <a href=\"https:\/\/www.facebook.com\/Poteofficial\/\">Pot\u00e9<\/a>, <a href=\"https:\/\/www.youtube.com\/watch?v=DG1rV66FpiY&amp;list=PL6c_5GyF9mZSUYWBoDEAluOksNKf86pRh&amp;index=6\">Philippe Cohen Solal<\/a>, La Dame Blanche, Daniel Haaksman, F\u00e9loche y muchos otros artistas ya se han unido. No olvide suscribirse a nuestro <a href=\"https:\/\/www.youtube.com\/user\/yabastarecords\/\">YouTube channel<\/a> y <a href=\"http:\/\/fb.com\/yabastarecords\">Facebook page<\/a> para que le avisemos cuando emitamos la pr\u00f3xima sesi\u00f3n en directo. Nos encantar\u00eda recibir sus comentarios y sugerencias para futuros actos, ideas y charlas.<\/p>\n<p>Mientras tanto, dale al play y disfruta de la m\u00fasica en nuestro sal\u00f3n. Un concierto privado s\u00f3lo para usted.<\/p>\n<p>&nbsp;<\/p>\n\n<p class=\"has-text-align-center\"><\/p>\n\n<p style=\"text-align: center;\"><br><iframe loading=\"lazy\" src=\"https:\/\/www.youtube.com\/embed\/6mA6qYV0rAA\" width=\"560\" height=\"315\" frameborder=\"0\" allowfullscreen=\"allowfullscreen\"><\/iframe><\/p>\n<p> <\/p>\n<p style=\"text-align: center;\"><iframe loading=\"lazy\" src=\"https:\/\/www.youtube.com\/embed\/SA8Xxra8bP4\" width=\"560\" height=\"315\" frameborder=\"0\" allowfullscreen=\"allowfullscreen\"><\/iframe><\/p>\n<p> <\/p>\n<p style=\"text-align: center;\"><iframe loading=\"lazy\" src=\"https:\/\/www.youtube.com\/embed\/339paAHXv88\" width=\"560\" height=\"315\" frameborder=\"0\" allowfullscreen=\"allowfullscreen\"><\/iframe><\/p>\n","protected":false},"excerpt":{"rendered":"<p>Retransmita y vea en directo las sesiones de nuestra oficina.<\/p>\n","protected":false},"author":1,"featured_media":0,"parent":0,"menu_order":0,"comment_status":"closed","ping_status":"closed","template":"","meta":{"_acf_changed":false,"footnotes":""},"class_list":["entry","author-yabasta","has-excerpt","post-10856","page","type-page","status-publish"],"acf":[],"featured_image_src":null,"featured_image_src_square":null,"jetpack_sharing_enabled":true,"_links":{"self":[{"href":"https:\/\/yabasta-records.com\/es\/wp-json\/wp\/v2\/pages\/10856","targetHints":{"allow":["GET"]}}],"collection":[{"href":"https:\/\/yabasta-records.com\/es\/wp-json\/wp\/v2\/pages"}],"about":[{"href":"https:\/\/yabasta-records.com\/es\/wp-json\/wp\/v2\/types\/page"}],"author":[{"embeddable":true,"href":"https:\/\/yabasta-records.com\/es\/wp-json\/wp\/v2\/users\/1"}],"replies":[{"embeddable":true,"href":"https:\/\/yabasta-records.com\/es\/wp-json\/wp\/v2\/comments?post=10856"}],"version-history":[{"count":1,"href":"https:\/\/yabasta-records.com\/es\/wp-json\/wp\/v2\/pages\/10856\/revisions"}],"predecessor-version":[{"id":10857,"href":"https:\/\/yabasta-records.com\/es\/wp-json\/wp\/v2\/pages\/10856\/revisions\/10857"}],"wp:attachment":[{"href":"https:\/\/yabasta-records.com\/es\/wp-json\/wp\/v2\/media?parent=10856"}],"curies":[{"name":"wp","href":"https:\/\/api.w.org\/{rel}","templated":true}]}}