{"id":2097,"date":"2019-11-19T10:19:39","date_gmt":"2019-11-19T10:19:39","guid":{"rendered":"https:\/\/yabasta-records.com\/?post_type=product&#038;p=2097"},"modified":"2024-12-11T12:33:57","modified_gmt":"2024-12-11T12:33:57","slug":"philippe-cohen-solal-paradis-artificiels-vinyl","status":"publish","type":"product","link":"https:\/\/yabasta-records.com\/es\/produit\/philippe-cohen-solal-paradis-artificiels-vinyl","title":{"rendered":"PHILIPPE COHEN SOLAL &#8211; PARADIS ARTIFICIEL(S) (VINYL)"},"content":{"rendered":"<p>D\u00e9couvrez Paradis Artificiel(s), le premier album de Philippe Cohen Solal depuis Gotan Project !<br \/>\nInspir\u00e9 par la po\u00e9sie de Charles Baudelaire et du Club des Hachichins de Th\u00e9ophile Gautier, Philippe remet le XIX\u00e8me au go\u00fbt du jour dans un album sulfureux et envoutant&#8230;<\/p>\n<p><em>Inclus les featurings avec Peter Von Poehl, Marie Modiano, Ma\u00efa Barouh, Daniel Mille&#8230;<\/em><\/p>\n<p><iframe loading=\"lazy\" src=\"https:\/\/open.spotify.com\/embed\/album\/0kLl8WC1fGMb9JgNUgiMHU\" width=\"300\" height=\"380\" frameborder=\"0\"><\/iframe><\/p>\n","protected":false},"excerpt":{"rendered":"<p>D\u00e9couvrez Paradis Artificiel(s), le premier album de Philippe Cohen Solal depuis Gotan Project ! Inspir\u00e9 par la po\u00e9sie de Charles Baudelaire et du Club des Hachichins de Th\u00e9ophile Gautier, Philippe remet le XIX\u00e8me au go\u00fbt du jour dans un album sulfureux et envoutant&#8230; Inclus les featurings avec Peter Von Poehl, Marie Modiano, Ma\u00efa Barouh, Daniel Mille&#8230;<\/p>\n","protected":false},"featured_media":2098,"comment_status":"open","ping_status":"closed","template":"","meta":{"_acf_changed":false},"product_brand":[],"product_cat":[56,58,48],"product_tag":[],"class_list":{"0":"entry","1":"author-yabasta","2":"post-2097","3":"product","4":"type-product","5":"status-publish","6":"has-post-thumbnail","7":"product_cat-all","8":"product_cat-philippe-cohen-solal","9":"product_cat-vinyls","11":"first","12":"instock","13":"taxable","14":"shipping-taxable","15":"purchasable","16":"product-type-simple"},"acf":[],"jetpack_sharing_enabled":true,"_links":{"self":[{"href":"https:\/\/yabasta-records.com\/es\/wp-json\/wp\/v2\/product\/2097","targetHints":{"allow":["GET"]}}],"collection":[{"href":"https:\/\/yabasta-records.com\/es\/wp-json\/wp\/v2\/product"}],"about":[{"href":"https:\/\/yabasta-records.com\/es\/wp-json\/wp\/v2\/types\/product"}],"replies":[{"embeddable":true,"href":"https:\/\/yabasta-records.com\/es\/wp-json\/wp\/v2\/comments?post=2097"}],"wp:featuredmedia":[{"embeddable":true,"href":"https:\/\/yabasta-records.com\/es\/wp-json\/wp\/v2\/media\/2098"}],"wp:attachment":[{"href":"https:\/\/yabasta-records.com\/es\/wp-json\/wp\/v2\/media?parent=2097"}],"wp:term":[{"taxonomy":"product_brand","embeddable":true,"href":"https:\/\/yabasta-records.com\/es\/wp-json\/wp\/v2\/product_brand?post=2097"},{"taxonomy":"product_cat","embeddable":true,"href":"https:\/\/yabasta-records.com\/es\/wp-json\/wp\/v2\/product_cat?post=2097"},{"taxonomy":"product_tag","embeddable":true,"href":"https:\/\/yabasta-records.com\/es\/wp-json\/wp\/v2\/product_tag?post=2097"}],"curies":[{"name":"wp","href":"https:\/\/api.w.org\/{rel}","templated":true}]}}