{"id":2101,"date":"2019-11-19T10:31:10","date_gmt":"2019-11-19T10:31:10","guid":{"rendered":"https:\/\/yabasta-records.com\/?post_type=product&#038;p=2101"},"modified":"2024-12-11T12:32:03","modified_gmt":"2024-12-11T12:32:03","slug":"feloche-silbo-vinyl","status":"publish","type":"product","link":"https:\/\/yabasta-records.com\/es\/produit\/feloche-silbo-vinyl","title":{"rendered":"F\u00c9LOCHE &#8211; SILBO (VINYL)"},"content":{"rendered":"<p>Le deuxi\u00e8me album de F\u00e9loche pour la premi\u00e8re fois press\u00e9 en vinyle !<br \/>\nInclus les titres \u00abSilbo\u00bb, \u00abT2Ceux\u00bb ft. Roxanne Shante et \u00abMythologie\u00bb !<\/p>\n<p>&nbsp;<\/p>\n<p><iframe loading=\"lazy\" src=\"https:\/\/open.spotify.com\/embed\/album\/1J4MP2NZ8eEnqQNozI6Sq9\" width=\"300\" height=\"380\" frameborder=\"0\"><\/iframe><\/p>\n","protected":false},"excerpt":{"rendered":"<p>Le deuxi\u00e8me album de F\u00e9loche pour la premi\u00e8re fois press\u00e9 en vinyle ! Inclus les titres \u00abSilbo\u00bb, \u00abT2Ceux\u00bb ft. Roxanne Shante et \u00abMythologie\u00bb ! &nbsp;<\/p>\n","protected":false},"featured_media":2102,"comment_status":"open","ping_status":"closed","template":"","meta":{"_acf_changed":false},"product_brand":[],"product_cat":[56,59,48],"product_tag":[],"class_list":{"0":"entry","1":"author-yabasta","2":"post-2101","3":"product","4":"type-product","5":"status-publish","6":"has-post-thumbnail","7":"product_cat-all","8":"product_cat-feloche","9":"product_cat-vinyls","11":"first","12":"instock","13":"taxable","14":"shipping-taxable","15":"purchasable","16":"product-type-simple"},"acf":[],"jetpack_sharing_enabled":true,"_links":{"self":[{"href":"https:\/\/yabasta-records.com\/es\/wp-json\/wp\/v2\/product\/2101","targetHints":{"allow":["GET"]}}],"collection":[{"href":"https:\/\/yabasta-records.com\/es\/wp-json\/wp\/v2\/product"}],"about":[{"href":"https:\/\/yabasta-records.com\/es\/wp-json\/wp\/v2\/types\/product"}],"replies":[{"embeddable":true,"href":"https:\/\/yabasta-records.com\/es\/wp-json\/wp\/v2\/comments?post=2101"}],"wp:featuredmedia":[{"embeddable":true,"href":"https:\/\/yabasta-records.com\/es\/wp-json\/wp\/v2\/media\/2102"}],"wp:attachment":[{"href":"https:\/\/yabasta-records.com\/es\/wp-json\/wp\/v2\/media?parent=2101"}],"wp:term":[{"taxonomy":"product_brand","embeddable":true,"href":"https:\/\/yabasta-records.com\/es\/wp-json\/wp\/v2\/product_brand?post=2101"},{"taxonomy":"product_cat","embeddable":true,"href":"https:\/\/yabasta-records.com\/es\/wp-json\/wp\/v2\/product_cat?post=2101"},{"taxonomy":"product_tag","embeddable":true,"href":"https:\/\/yabasta-records.com\/es\/wp-json\/wp\/v2\/product_tag?post=2101"}],"curies":[{"name":"wp","href":"https:\/\/api.w.org\/{rel}","templated":true}]}}