{"id":2118,"date":"2019-11-19T11:12:16","date_gmt":"2019-11-19T11:12:16","guid":{"rendered":"https:\/\/yabasta-records.com\/?post_type=product&#038;p=2118"},"modified":"2025-05-02T13:33:00","modified_gmt":"2025-05-02T13:33:00","slug":"gotan-project-inspiracion-espiracion-cd","status":"publish","type":"product","link":"https:\/\/yabasta-records.com\/es\/produit\/gotan-project-inspiracion-espiracion-cd","title":{"rendered":"GOTAN PROJECT &#8211; INSPIRACI\u00d3N-ESPIRACI\u00d3N (CD)"},"content":{"rendered":"<p>C&#8217;est pendant la tourn\u00e9e de Gotan Project (2001\/ 2003) que Philippe Cohen Solal a eu envie de r\u00e9unir les titres de la compilation \u00ab Inspiraci\u00f3n \u00b7 Espiraci\u00f3n \u00bb. Ce projet rassemble 4 titres originaux de Gotan Project, des tangos rares et funky, des remixes in\u00e9dits et des collisions musicales telles que le hip-hop d&#8217;Antipop Consortium, la house survitamin\u00e9e de Peter Kruder , la deep techno de Pepe Bradock , sans oublier Calexico avec sa vision musicale des grands espaces.<\/p>\n<p>&nbsp;<\/p>\n<p><iframe loading=\"lazy\" src=\"https:\/\/open.spotify.com\/embed\/album\/7d3OTS71FeJwMtlJ1zdgFx\" width=\"300\" height=\"380\" frameborder=\"0\"><\/iframe><\/p>\n","protected":false},"excerpt":{"rendered":"<p>C&#8217;est pendant la tourn\u00e9e de Gotan Project (2001\/ 2003) que Philippe Cohen Solal a eu envie de r\u00e9unir les titres de la compilation \u00ab Inspiraci\u00f3n \u00b7 Espiraci\u00f3n \u00bb. Ce projet rassemble 4 titres originaux de Gotan Project, des tangos rares et funky, des remixes in\u00e9dits et des collisions musicales telles que le hip-hop d&#8217;Antipop Consortium, la house survitamin\u00e9e de Peter Kruder , la deep techno de Pepe Bradock , sans oublier Calexico avec sa vision musicale des grands espaces. &nbsp;<\/p>\n","protected":false},"featured_media":2117,"comment_status":"open","ping_status":"closed","template":"","meta":{"_acf_changed":false},"product_brand":[],"product_cat":[56,49,47],"product_tag":[],"class_list":{"0":"entry","1":"author-yabasta","2":"post-2118","3":"product","4":"type-product","5":"status-publish","6":"has-post-thumbnail","7":"product_cat-all","8":"product_cat-cds","9":"product_cat-gotan-project","11":"first","12":"instock","13":"taxable","14":"shipping-taxable","15":"purchasable","16":"product-type-simple"},"acf":[],"jetpack_sharing_enabled":true,"_links":{"self":[{"href":"https:\/\/yabasta-records.com\/es\/wp-json\/wp\/v2\/product\/2118","targetHints":{"allow":["GET"]}}],"collection":[{"href":"https:\/\/yabasta-records.com\/es\/wp-json\/wp\/v2\/product"}],"about":[{"href":"https:\/\/yabasta-records.com\/es\/wp-json\/wp\/v2\/types\/product"}],"replies":[{"embeddable":true,"href":"https:\/\/yabasta-records.com\/es\/wp-json\/wp\/v2\/comments?post=2118"}],"wp:featuredmedia":[{"embeddable":true,"href":"https:\/\/yabasta-records.com\/es\/wp-json\/wp\/v2\/media\/2117"}],"wp:attachment":[{"href":"https:\/\/yabasta-records.com\/es\/wp-json\/wp\/v2\/media?parent=2118"}],"wp:term":[{"taxonomy":"product_brand","embeddable":true,"href":"https:\/\/yabasta-records.com\/es\/wp-json\/wp\/v2\/product_brand?post=2118"},{"taxonomy":"product_cat","embeddable":true,"href":"https:\/\/yabasta-records.com\/es\/wp-json\/wp\/v2\/product_cat?post=2118"},{"taxonomy":"product_tag","embeddable":true,"href":"https:\/\/yabasta-records.com\/es\/wp-json\/wp\/v2\/product_tag?post=2118"}],"curies":[{"name":"wp","href":"https:\/\/api.w.org\/{rel}","templated":true}]}}