{"id":2124,"date":"2019-11-19T11:33:58","date_gmt":"2019-11-19T11:33:58","guid":{"rendered":"https:\/\/yabasta-records.com\/?post_type=product&#038;p=2124"},"modified":"2024-12-11T12:07:59","modified_gmt":"2024-12-11T12:07:59","slug":"gotan-project-la-revancha-del-tango-live-dvd","status":"publish","type":"product","link":"https:\/\/yabasta-records.com\/es\/produit\/gotan-project-la-revancha-del-tango-live-dvd","title":{"rendered":"GOTAN PROJECT &#8211; LA REVANCHA DEL TANGO LIVE (DVD)"},"content":{"rendered":"<p>Entrecoup\u00e9 d&#8217;images d&#8217;archives et de s\u00e9quences vid\u00e9os in\u00e9dites, le film a \u00e9t\u00e9 tourn\u00e9 par Prisca Lobjoy entre Londres, Paris et Buenos Aires durant la tourn\u00e9e La Revancha del Tango.<\/p>\n","protected":false},"excerpt":{"rendered":"<p>Entrecoup\u00e9 d&#8217;images d&#8217;archives et de s\u00e9quences vid\u00e9os in\u00e9dites, le film a \u00e9t\u00e9 tourn\u00e9 par Prisca Lobjoy entre Londres, Paris et Buenos Aires durant la tourn\u00e9e La Revancha del Tango.<\/p>\n","protected":false},"featured_media":2125,"comment_status":"open","ping_status":"closed","template":"","meta":{"_acf_changed":false},"product_brand":[],"product_cat":[56,62,47],"product_tag":[],"class_list":{"0":"entry","1":"author-yabasta","2":"post-2124","3":"product","4":"type-product","5":"status-publish","6":"has-post-thumbnail","7":"product_cat-all","8":"product_cat-dvd","9":"product_cat-gotan-project","11":"first","12":"instock","13":"taxable","14":"shipping-taxable","15":"purchasable","16":"product-type-simple"},"acf":[],"jetpack_sharing_enabled":true,"_links":{"self":[{"href":"https:\/\/yabasta-records.com\/es\/wp-json\/wp\/v2\/product\/2124","targetHints":{"allow":["GET"]}}],"collection":[{"href":"https:\/\/yabasta-records.com\/es\/wp-json\/wp\/v2\/product"}],"about":[{"href":"https:\/\/yabasta-records.com\/es\/wp-json\/wp\/v2\/types\/product"}],"replies":[{"embeddable":true,"href":"https:\/\/yabasta-records.com\/es\/wp-json\/wp\/v2\/comments?post=2124"}],"wp:featuredmedia":[{"embeddable":true,"href":"https:\/\/yabasta-records.com\/es\/wp-json\/wp\/v2\/media\/2125"}],"wp:attachment":[{"href":"https:\/\/yabasta-records.com\/es\/wp-json\/wp\/v2\/media?parent=2124"}],"wp:term":[{"taxonomy":"product_brand","embeddable":true,"href":"https:\/\/yabasta-records.com\/es\/wp-json\/wp\/v2\/product_brand?post=2124"},{"taxonomy":"product_cat","embeddable":true,"href":"https:\/\/yabasta-records.com\/es\/wp-json\/wp\/v2\/product_cat?post=2124"},{"taxonomy":"product_tag","embeddable":true,"href":"https:\/\/yabasta-records.com\/es\/wp-json\/wp\/v2\/product_tag?post=2124"}],"curies":[{"name":"wp","href":"https:\/\/api.w.org\/{rel}","templated":true}]}}