{"id":2157,"date":"2019-11-19T14:53:31","date_gmt":"2019-11-19T14:53:31","guid":{"rendered":"https:\/\/yabasta-records.com\/?post_type=product&#038;p=2157"},"modified":"2025-09-01T02:15:25","modified_gmt":"2025-09-01T02:15:25","slug":"ya-basta-10-years-compilation","status":"publish","type":"product","link":"https:\/\/yabasta-records.com\/es\/produit\/ya-basta-10-years-compilation","title":{"rendered":"\u00a1YA BASTA! &#8211; 10 YEARS COMPILATION (CD)"},"content":{"rendered":"<p>Dix ans. Six albums. Un label de qualit\u00e9. \u00a1Ya Basta! s&#8217;est donn\u00e9 les moyens de produire sans pression ni concession des objets sonores aux contours et d\u00e9tours multiples.<br \/>\nQuelque part entre dub house et songwriting, entre hommages collat\u00e9raux et ambiances cin\u00e9matiques. Entre science digitale et m\u00e9lodie originale. Entre autres.<br \/>\nDix ans. Un premier bilan en forme de mix : moins, c&#8217;est mieux.<\/p>\n<p><iframe loading=\"lazy\" src=\"https:\/\/open.spotify.com\/embed\/album\/2bTG0vDGPYGGDqELrAX8EL\" width=\"300\" height=\"380\" frameborder=\"0\"><\/iframe><\/p>\n","protected":false},"excerpt":{"rendered":"<p>Dix ans. Six albums. Un label de qualit\u00e9. \u00a1Ya Basta! s&#8217;est donn\u00e9 les moyens de produire sans pression ni concession des objets sonores aux contours et d\u00e9tours multiples. Quelque part entre dub house et songwriting, entre hommages collat\u00e9raux et ambiances cin\u00e9matiques. Entre science digitale et m\u00e9lodie originale. Entre autres. Dix ans. Un premier bilan en forme de mix : moins, c&#8217;est mieux.<\/p>\n","protected":false},"featured_media":2158,"comment_status":"open","ping_status":"closed","template":"","meta":{"_acf_changed":false},"product_brand":[],"product_cat":[56,49,64],"product_tag":[],"class_list":{"0":"entry","1":"author-yabasta","2":"post-2157","3":"product","4":"type-product","5":"status-publish","6":"has-post-thumbnail","7":"product_cat-all","8":"product_cat-cds","9":"product_cat-divers","11":"first","12":"instock","13":"taxable","14":"shipping-taxable","15":"purchasable","16":"product-type-simple"},"acf":[],"jetpack_sharing_enabled":true,"_links":{"self":[{"href":"https:\/\/yabasta-records.com\/es\/wp-json\/wp\/v2\/product\/2157","targetHints":{"allow":["GET"]}}],"collection":[{"href":"https:\/\/yabasta-records.com\/es\/wp-json\/wp\/v2\/product"}],"about":[{"href":"https:\/\/yabasta-records.com\/es\/wp-json\/wp\/v2\/types\/product"}],"replies":[{"embeddable":true,"href":"https:\/\/yabasta-records.com\/es\/wp-json\/wp\/v2\/comments?post=2157"}],"wp:featuredmedia":[{"embeddable":true,"href":"https:\/\/yabasta-records.com\/es\/wp-json\/wp\/v2\/media\/2158"}],"wp:attachment":[{"href":"https:\/\/yabasta-records.com\/es\/wp-json\/wp\/v2\/media?parent=2157"}],"wp:term":[{"taxonomy":"product_brand","embeddable":true,"href":"https:\/\/yabasta-records.com\/es\/wp-json\/wp\/v2\/product_brand?post=2157"},{"taxonomy":"product_cat","embeddable":true,"href":"https:\/\/yabasta-records.com\/es\/wp-json\/wp\/v2\/product_cat?post=2157"},{"taxonomy":"product_tag","embeddable":true,"href":"https:\/\/yabasta-records.com\/es\/wp-json\/wp\/v2\/product_tag?post=2157"}],"curies":[{"name":"wp","href":"https:\/\/api.w.org\/{rel}","templated":true}]}}