{"id":2186,"date":"2019-11-20T11:19:41","date_gmt":"2019-11-20T11:19:41","guid":{"rendered":"https:\/\/yabasta-records.com\/?post_type=product&#038;p=2186"},"modified":"2025-03-26T16:09:23","modified_gmt":"2025-03-26T16:09:23","slug":"gotan-project-la-revancha-en-cumbia-cd","status":"publish","type":"product","link":"https:\/\/yabasta-records.com\/es\/produit\/gotan-project-la-revancha-en-cumbia-cd","title":{"rendered":"GOTAN PROJECT &#8211; LA REVANCHA EN CUMBIA (CD)"},"content":{"rendered":"<p>Face A. En 2001, Gotan Project exp\u00e9rimentait dans un home-studio parisien un son qui n\u2019allait plus tarder \u00e0 retourner la plan\u00e8te musique. \u00ab La revancha del tango \u00bb deviendra d\u00e8s sa sortie un classique, une formule qui ne tardera pas \u00e0 faire des \u00e9mules. Parmi ceux-ci, les adeptes de la nueva cumbia qui, plus que les avatars nuevo tango, vont s\u2019imposer \u00e0 coup de basses botox\u00e9es et de voix trafiqu\u00e9es comme les dignes h\u00e9ritiers de cette alchimie r\u00e9tro-futuriste. Face B. En 2011, l\u2019heure est \u00e0 \u00ab La revancha en cumbia \u00bb, un album o\u00f9 l\u2019on retrouve les principaux bidouilleurs qui malaxent les sons de la dense tradition argentine pour les concasser dans leur grand mix : Tremor, Bomba Est\u00e9reo, Chancha Via Circuito, King Coya, El Remolon, Fauna, Axel Krygier, Frikstailers et El Hijo de la Cumbia. Cette turbulente sc\u00e8ne qui agite de ses rythmiques fracass\u00e9es les nuits de Buenos Aires s\u2019est tout naturellement empar\u00e9e des titres qui composaient \u00ab La revancha del tango \u00bb, pour en donner une nouvelle vision. Aussi originale que l\u2019originelle.<\/p>\n<p>&nbsp;<\/p>\n<p>&nbsp;<\/p>\n<p><iframe loading=\"lazy\" src=\"https:\/\/open.spotify.com\/embed\/album\/7sVNUtMWVi1SQ76XQE9V3W\" width=\"300\" height=\"380\" frameborder=\"0\"><\/iframe><\/p>\n","protected":false},"excerpt":{"rendered":"<p>Face A. En 2001, Gotan Project exp\u00e9rimentait dans un home-studio parisien un son qui n\u2019allait plus tarder \u00e0 retourner la plan\u00e8te musique. \u00ab La revancha del tango \u00bb deviendra d\u00e8s sa sortie un classique, une formule qui ne tardera pas \u00e0 faire des \u00e9mules. Parmi ceux-ci, les adeptes de la nueva cumbia qui, plus que les avatars nuevo tango, vont s\u2019imposer \u00e0 coup de basses botox\u00e9es et de voix trafiqu\u00e9es comme les dignes h\u00e9ritiers de cette alchimie r\u00e9tro-futuriste. Face B. En 2011, l\u2019heure est \u00e0 \u00ab La revancha en cumbia \u00bb, un album o\u00f9 l\u2019on retrouve les principaux bidouilleurs qui malaxent les sons de la<span class=\"more-link\"><a href=\"https:\/\/yabasta-records.com\/es\/produit\/gotan-project-la-revancha-en-cumbia-cd\">Read More &rarr;<\/a><\/span><\/p>\n","protected":false},"featured_media":2187,"comment_status":"closed","ping_status":"closed","template":"","meta":{"_acf_changed":false},"product_brand":[],"product_cat":[56,49,47],"product_tag":[],"class_list":{"0":"entry","1":"author-yabasta","2":"post-2186","3":"product","4":"type-product","5":"status-publish","6":"has-post-thumbnail","7":"product_cat-all","8":"product_cat-cds","9":"product_cat-gotan-project","11":"first","12":"instock","13":"taxable","14":"shipping-taxable","15":"purchasable","16":"product-type-simple"},"acf":[],"jetpack_sharing_enabled":true,"_links":{"self":[{"href":"https:\/\/yabasta-records.com\/es\/wp-json\/wp\/v2\/product\/2186","targetHints":{"allow":["GET"]}}],"collection":[{"href":"https:\/\/yabasta-records.com\/es\/wp-json\/wp\/v2\/product"}],"about":[{"href":"https:\/\/yabasta-records.com\/es\/wp-json\/wp\/v2\/types\/product"}],"replies":[{"embeddable":true,"href":"https:\/\/yabasta-records.com\/es\/wp-json\/wp\/v2\/comments?post=2186"}],"wp:featuredmedia":[{"embeddable":true,"href":"https:\/\/yabasta-records.com\/es\/wp-json\/wp\/v2\/media\/2187"}],"wp:attachment":[{"href":"https:\/\/yabasta-records.com\/es\/wp-json\/wp\/v2\/media?parent=2186"}],"wp:term":[{"taxonomy":"product_brand","embeddable":true,"href":"https:\/\/yabasta-records.com\/es\/wp-json\/wp\/v2\/product_brand?post=2186"},{"taxonomy":"product_cat","embeddable":true,"href":"https:\/\/yabasta-records.com\/es\/wp-json\/wp\/v2\/product_cat?post=2186"},{"taxonomy":"product_tag","embeddable":true,"href":"https:\/\/yabasta-records.com\/es\/wp-json\/wp\/v2\/product_tag?post=2186"}],"curies":[{"name":"wp","href":"https:\/\/api.w.org\/{rel}","templated":true}]}}