{"id":9013,"date":"2023-05-03T14:17:20","date_gmt":"2023-05-03T14:17:20","guid":{"rendered":"https:\/\/yabasta-records.com\/?post_type=product&#038;p=9013"},"modified":"2025-05-02T13:30:59","modified_gmt":"2025-05-02T13:30:59","slug":"philippe-cohen-solal-tango-y-tango-album","status":"publish","type":"product","link":"https:\/\/yabasta-records.com\/es\/produit\/philippe-cohen-solal-tango-y-tango-album","title":{"rendered":"Philippe Cohen Solal &#8211; TANGO y TANGO (CD)"},"content":{"rendered":"<p>With \u201cTANGO y TANGO\u201d, Philippe Cohen Solal (Gotan Project) once again brilliantly brings together \u201cold tango\u201d and electronic sounds.<\/p>\n<p>Created for the eponymous show which opens in May at the Th\u00e9\u00e2tre du Rond-Point, this album brings together the classic sound of the bandoneon with the contemporary world of electronic digital rhythms.<\/p>\n<p>Brought alive by the wonderful performances from Cristina Vilallonga, who featured on the Gotan Project records, the Argentinian dancer and singer Mauro Caiazza and the actress and singer Rebecca Marder, the 11 tracks juggle skillfully between melancholy and vivacity : this is all the beauty and modernity of tango.<\/p>\n<p>&#8211;<\/p>\n<p>Avec \u00ab TANGO y TANGO \u00bb, Philippe Cohen Solal (Gotan Project) r\u00e9unit une nouvelle fois avec brio le \u00ab vieux tango \u00bb et les sons \u00e9lectroniques.<\/p>\n<p>Cr\u00e9\u00e9 pour le spectacle \u00e9ponyme qui se jouera en mai prochain au Th\u00e9\u00e2tre du Rond-Point, cet album m\u00eale avec contraste les accords du bandon\u00e9on et le son du gramophone aux rythmes digitaux.<\/p>\n<p>Incarn\u00e9s par Cristina Vilallonga, voix embl\u00e9matique de Gotan Project, le danseur et chanteur argentin Mauro Caiazza ou l\u2019actrice et chanteuse Rebecca Marder, ces 11 titres jonglent habilement entre m\u00e9lancolie et vivacit\u00e9 : c\u2019est l\u00e0 toute la beaut\u00e9 et la modernit\u00e9 du tango.<\/p>\n","protected":false},"excerpt":{"rendered":"<p>&nbsp;<\/p>\n<p>&nbsp;<\/p>\n<p><strong>Tracklist<\/strong> :<\/p>\n<ol>\n<li>Ouverture<\/li>\n<li>Toda Mi Vida (feat. Cristina Vilallonga)<\/li>\n<li>La Yumba<\/li>\n<li>Hasta La Quebrada (feat. Cristina Vilallonga)<\/li>\n<li>Tangalle Tango<\/li>\n<li>Hasta Siempre Amor (feat. Cristina Vilallonga)<\/li>\n<li>Pa&#8217; Que Bailar (feat. Cristina Vilallonga)<\/li>\n<li>Alma En Llamas (feat. Cristina Vilallonga)<\/li>\n<li>Non, Non (La Chanson De Jeanne) (feat. Rebecca Marder)<\/li>\n<li>Tangobsession<\/li>\n<li>Tango y Tango (feat. Mauro Caiazza)<\/li>\n<li>Incognita (feat. Cristina Vilallonga) &#8211; <strong>CD bonus track<\/strong><\/li>\n<\/ol>\n","protected":false},"featured_media":9014,"comment_status":"open","ping_status":"closed","template":"","meta":{"_acf_changed":false},"product_brand":[],"product_cat":[56,64,606,16,58,48],"product_tag":[620,619,625,46,626,360,624,621,627],"class_list":{"0":"entry","1":"author-yabasta","2":"has-excerpt","3":"post-9013","4":"product","5":"type-product","6":"status-publish","7":"has-post-thumbnail","8":"product_cat-all","9":"product_cat-divers","10":"product_cat-keziah-jones","11":"product_cat-non-classe","12":"product_cat-philippe-cohen-solal","13":"product_cat-vinyls","14":"product_tag-album","15":"product_tag-cd","16":"product_tag-cristina-vilallonga","17":"product_tag-gotan-project","18":"product_tag-mauro-caiazza","19":"product_tag-philippe-cohen-solal","20":"product_tag-rebecca-marder","21":"product_tag-tango-y-tango","22":"product_tag-theatre-du-rond-point","24":"first","25":"instock","26":"taxable","27":"shipping-taxable","28":"purchasable","29":"product-type-simple"},"acf":[],"jetpack_sharing_enabled":true,"_links":{"self":[{"href":"https:\/\/yabasta-records.com\/es\/wp-json\/wp\/v2\/product\/9013","targetHints":{"allow":["GET"]}}],"collection":[{"href":"https:\/\/yabasta-records.com\/es\/wp-json\/wp\/v2\/product"}],"about":[{"href":"https:\/\/yabasta-records.com\/es\/wp-json\/wp\/v2\/types\/product"}],"replies":[{"embeddable":true,"href":"https:\/\/yabasta-records.com\/es\/wp-json\/wp\/v2\/comments?post=9013"}],"wp:featuredmedia":[{"embeddable":true,"href":"https:\/\/yabasta-records.com\/es\/wp-json\/wp\/v2\/media\/9014"}],"wp:attachment":[{"href":"https:\/\/yabasta-records.com\/es\/wp-json\/wp\/v2\/media?parent=9013"}],"wp:term":[{"taxonomy":"product_brand","embeddable":true,"href":"https:\/\/yabasta-records.com\/es\/wp-json\/wp\/v2\/product_brand?post=9013"},{"taxonomy":"product_cat","embeddable":true,"href":"https:\/\/yabasta-records.com\/es\/wp-json\/wp\/v2\/product_cat?post=9013"},{"taxonomy":"product_tag","embeddable":true,"href":"https:\/\/yabasta-records.com\/es\/wp-json\/wp\/v2\/product_tag?post=9013"}],"curies":[{"name":"wp","href":"https:\/\/api.w.org\/{rel}","templated":true}]}}