{"id":10658,"date":"2015-01-10T08:43:34","date_gmt":"2015-01-10T08:43:34","guid":{"rendered":"https:\/\/yabasta-records.com\/page-daccueil"},"modified":"2015-01-10T08:43:34","modified_gmt":"2015-01-10T08:43:34","slug":"page-daccueil","status":"publish","type":"page","link":"https:\/\/yabasta-records.com\/fr\/page-daccueil","title":{"rendered":"Page d&rsquo;accueil"},"content":{"rendered":"<p>&nbsp;<\/p>\n<h3 style=\"text-align: center;font-size: 20px\">CONTACTEZ-NOUS<\/h3>\n<p style=\"text-align: center\">Utilisez une combinaison de widgets pour cr\u00e9er une section Contact.<br \/>\nCette section de contact de d\u00e9monstration a \u00e9t\u00e9 cr\u00e9\u00e9e en utilisant le widget &lsquo;Hoot &gt; Call To Action&rsquo;, le plugin Contact Form 7 et le plugin Google Maps.<\/p>\n<p>&nbsp;<\/p>\n<p>&nbsp;<\/p>\n<p>&#8212; Ajouter le shortcode du formulaire de contact ici<\/p>\n<p>&nbsp;<\/p>\n","protected":false},"excerpt":{"rendered":"<p>&nbsp; CONTACTEZ-NOUS Utilisez une combinaison de widgets pour cr\u00e9er une section Contact. Cette section de contact de d\u00e9monstration a \u00e9t\u00e9 cr\u00e9\u00e9e en utilisant le widget &lsquo;Hoot &gt; Call To Action&rsquo;, le plugin Contact Form 7 et le plugin Google Maps. &nbsp; &nbsp; &#8212; Ajouter le shortcode du formulaire de contact ici &nbsp;<\/p>\n","protected":false},"author":1,"featured_media":0,"parent":0,"menu_order":0,"comment_status":"open","ping_status":"open","template":"","meta":{"_acf_changed":false,"footnotes":""},"class_list":["entry","author-yabasta","post-10658","page","type-page","status-publish"],"acf":[],"featured_image_src":null,"featured_image_src_square":null,"jetpack_sharing_enabled":true,"_links":{"self":[{"href":"https:\/\/yabasta-records.com\/fr\/wp-json\/wp\/v2\/pages\/10658","targetHints":{"allow":["GET"]}}],"collection":[{"href":"https:\/\/yabasta-records.com\/fr\/wp-json\/wp\/v2\/pages"}],"about":[{"href":"https:\/\/yabasta-records.com\/fr\/wp-json\/wp\/v2\/types\/page"}],"author":[{"embeddable":true,"href":"https:\/\/yabasta-records.com\/fr\/wp-json\/wp\/v2\/users\/1"}],"replies":[{"embeddable":true,"href":"https:\/\/yabasta-records.com\/fr\/wp-json\/wp\/v2\/comments?post=10658"}],"version-history":[{"count":0,"href":"https:\/\/yabasta-records.com\/fr\/wp-json\/wp\/v2\/pages\/10658\/revisions"}],"wp:attachment":[{"href":"https:\/\/yabasta-records.com\/fr\/wp-json\/wp\/v2\/media?parent=10658"}],"curies":[{"name":"wp","href":"https:\/\/api.w.org\/{rel}","templated":true}]}}