{"id":10677,"date":"2018-02-08T14:08:22","date_gmt":"2018-02-08T14:08:22","guid":{"rendered":"https:\/\/yabasta-records.com\/el-hijo-de-la-cumbia"},"modified":"2023-10-12T18:26:08","modified_gmt":"2023-10-12T18:26:08","slug":"el-hijo-de-la-cumbia","status":"publish","type":"page","link":"https:\/\/yabasta-records.com\/fr\/el-hijo-de-la-cumbia","title":{"rendered":"El Hijo de la Cumbia"},"content":{"rendered":"\n<h3>Apr\u00e8s la vague de tango \u00e9lectro, attention au beachcomber de la nueva cumbia&#8230; Un v\u00e9ritable tsunami \u00e9lectronique qui s&rsquo;est empar\u00e9 de Buenos Aires et s&rsquo;abat sur le vieux continent ! Depuis pr\u00e8s de dix ans, la terre tremble au rythme de ces rythmes telluriques, dont la capitale argentine est l&rsquo;\u00e9picentre. Parmi les h\u00e9ros de cette fi\u00e8vre quasi tropicale, le v\u00e9ritable malandro est El Hijo de la Cumbia ! Il a commenc\u00e9 comme pionnier et est maintenant le patron, le gardien, dont chaque sortie est attendue avec impatience par le nombre croissant d&rsquo;amateurs de nueva cumbia.<\/h3>\n<p>Emiliano G\u00f3mez a commenc\u00e9 \u00e0 jouer des claviers \u00e0 l&rsquo;\u00e2ge de douze ans, en 1996. Depuis, il m\u00e9lange habilement les styles et r\u00e9alise des remixes magistraux pour de nombreux \u00ab\u00a0sonideros\u00a0\u00bb mexicains et am\u00e9ricains, mais aussi pour Gotan Project et Toy Selekhtah de Sonidero Nacional, et produit m\u00eame le groupe de hip-hop MP3. L&rsquo;ambition derri\u00e8re les rythmes \u00e9clat\u00e9s de ce gamin des banlieues argentines est de r\u00e9unir les ghettos du monde dans son ghetto blaster.<\/p>\n<p>Rien \u00e0 voir avec les ti\u00e8des productions britanniques, ni avec une \u00e9ni\u00e8me p\u00e2le imitation techno am\u00e9ricaine. Il s&rsquo;agit ici d&rsquo;inventer une bande-son \u00e9lectronique issue des traditions locales. Le r\u00e9sultat est un m\u00e9lange dynamique de sons urbains et de musique traditionnelle qui bouscule les id\u00e9es re\u00e7ues et les pistes de danse. Il faut avoir \u00e9t\u00e9 tremp\u00e9 de sueur lors d&rsquo;un de ses DJ sets pour prendre la mesure de son \u00ab\u00a0Freestyle de Ritmos\u00a0\u00bb, un titre explicite. Ce disque est sorti en 2010 chez \u00a1Ya Basta! : du hip hop au dance-hall, du dubstep \u00e0 la house music, El Hijo infiltre les classiques de la cumbia avec des breakbeats hallucinants, avec une cr\u00e9ativit\u00e9 sauvage mais sophistiqu\u00e9e. En un mot : unique.<\/p>\n<div data-block-name=\"woocommerce\/featured-product\" data-edit-mode=\"false\" data-product-id=\"2114\" class=\"wc-block-featured-product alignnone has-background-dim wp-block-woocommerce-featured-product\" style=\"min-height:500px;\"><div class=\"wc-block-featured-product__wrapper\"><div class=\"background-dim__overlay\" style=\"background-color: #000000\"><\/div><img decoding=\"async\" alt=\"El Hijo de la Cumbia - Freestyle de Ritmos (CD)\" class=\"wc-block-featured-product__background-image\" src=\"https:\/\/yabasta-records.com\/wp-content\/uploads\/2019\/11\/COVER_elhijodelacumbia_FreestyledeRitmos_RVB-1024x1024.jpg\" style=\"object-fit: none;object-position: 50% 50%;\" \/><h2 class=\"wc-block-featured-product__title\">El Hijo de la Cumbia &#8211; Freestyle de Ritmos (CD)<\/h2><div class=\"wc-block-featured-product__description\"><p>\u00ab\u00a0UN DES FONDATEURS DU SON LE PLUS SEXY ET FRAIS VENANT DE BUENOS AIRES DEPUIS LONGTEMPS\u00a0\u00bb<br \/>\nPhilippe Cohen Solal (Gotan Project)<\/p>\n<p>&nbsp;<\/p>\n<\/div><div class=\"wc-block-featured-product__price\"><span class=\"woocommerce-Price-amount amount\">10,00&nbsp;<span class=\"woocommerce-Price-currencySymbol\">&euro;<\/span><\/span><\/div><div class=\"wc-block-featured-product__inner-blocks\">\n\n<div class=\"wp-block-button aligncenter\"><a class=\"wp-block-button__link\" href=\"https:\/\/yabasta-records.com\/produit\/el-hijo-de-la-cumbia-freestyle-de-ritmos-cd\">Acheter<\/a><\/div>\n\n<\/div><\/div><\/div>","protected":false},"excerpt":{"rendered":"<p>Apr\u00e8s la vague de tango \u00e9lectro, attention au beachcomber de la nueva cumbia&#8230; Un v\u00e9ritable tsunami \u00e9lectronique qui s&rsquo;est empar\u00e9 de Buenos Aires et s&rsquo;abat sur le vieux continent ! Depuis pr\u00e8s de dix ans, la terre tremble au rythme de ces rythmes telluriques, dont la capitale argentine est l&rsquo;\u00e9picentre. Parmi les h\u00e9ros de cette fi\u00e8vre quasi tropicale, le vrai malandro est El Hijo de la Cumbia ! Il a commenc\u00e9 comme pionnier et est maintenant le patron, le gardien, dont chaque sortie est attendue avec impatience par le nombre croissant d&rsquo;amateurs de nueva cumbia.<\/p>\n","protected":false},"author":1,"featured_media":0,"parent":0,"menu_order":0,"comment_status":"closed","ping_status":"closed","template":"","meta":{"_acf_changed":false,"footnotes":""},"class_list":["entry","author-yabasta","has-excerpt","post-10677","page","type-page","status-publish"],"acf":[],"featured_image_src":null,"featured_image_src_square":null,"jetpack_sharing_enabled":true,"_links":{"self":[{"href":"https:\/\/yabasta-records.com\/fr\/wp-json\/wp\/v2\/pages\/10677","targetHints":{"allow":["GET"]}}],"collection":[{"href":"https:\/\/yabasta-records.com\/fr\/wp-json\/wp\/v2\/pages"}],"about":[{"href":"https:\/\/yabasta-records.com\/fr\/wp-json\/wp\/v2\/types\/page"}],"author":[{"embeddable":true,"href":"https:\/\/yabasta-records.com\/fr\/wp-json\/wp\/v2\/users\/1"}],"replies":[{"embeddable":true,"href":"https:\/\/yabasta-records.com\/fr\/wp-json\/wp\/v2\/comments?post=10677"}],"version-history":[{"count":2,"href":"https:\/\/yabasta-records.com\/fr\/wp-json\/wp\/v2\/pages\/10677\/revisions"}],"predecessor-version":[{"id":10680,"href":"https:\/\/yabasta-records.com\/fr\/wp-json\/wp\/v2\/pages\/10677\/revisions\/10680"}],"wp:attachment":[{"href":"https:\/\/yabasta-records.com\/fr\/wp-json\/wp\/v2\/media?parent=10677"}],"curies":[{"name":"wp","href":"https:\/\/api.w.org\/{rel}","templated":true}]}}