{"id":10705,"date":"2015-03-16T15:32:22","date_gmt":"2015-03-16T15:32:22","guid":{"rendered":"https:\/\/yabasta-records.com\/extras-pour-les-developpeurs"},"modified":"2023-10-12T18:26:08","modified_gmt":"2023-10-12T18:26:08","slug":"extras-pour-les-developpeurs","status":"publish","type":"page","link":"https:\/\/yabasta-records.com\/fr\/extras-pour-les-developpeurs","title":{"rendered":"Extras pour les d\u00e9veloppeurs"},"content":{"rendered":"<h3>Feuilles de style LESS<\/h3>\n<p><img loading=\"lazy\" decoding=\"async\" src=\"http:\/\/demo.wphoot.com\/responsive-brix\/wp-content\/uploads\/sites\/4\/2015\/03\/less-stylesheets.jpg\" alt=\"moins de feuilles de style\" width=\"900\" height=\"582\" class=\"aligncenter size-full wp-image-334\"><\/p>\n<p>&nbsp;<\/p>\n<h3>Prise en charge compl\u00e8te du th\u00e8me enfant avec de nombreuses actions et filtres<\/h3>\n<p>Cr\u00e9ez des th\u00e8mes enfants pour personnaliser ce th\u00e8me. Utilisez les actions et les filtres disponibles dans le th\u00e8me pour modifier votre site web. Cela vous permet de mettre \u00e0 jour facilement le th\u00e8me principal sans perdre vos modifications.<\/p>\n<p>&nbsp;<\/p>\n<h3>Importer\/exporter les param\u00e8tres du Customizer<\/h3>\n<p><img loading=\"lazy\" decoding=\"async\" src=\"https:\/\/yabasta-records.com\/wp-content\/uploads\/2015\/03\/admin-import-export.jpg\" alt=\"admin-import-export\" width=\"546\" height=\"452\" class=\"aligncenter size-full wp-image-418\"><\/p>\n<p>&nbsp;<\/p>\n<h3>CSS et Javascript personnalis\u00e9s<\/h3>\n<p>Ajouter des JS personnalis\u00e9s (Google Analytics, autres scripts tiers) et des CSS facilement depuis le panneau d&rsquo;administration afin que ces modifications ne soient pas affect\u00e9es par les mises \u00e0 jour du th\u00e8me.<\/p>\n<p>&nbsp;<\/p>\n","protected":false},"excerpt":{"rendered":"<p>Feuilles de style LESS &nbsp; Prise en charge compl\u00e8te du th\u00e8me enfant avec de nombreuses actions et filtres Cr\u00e9ez des th\u00e8mes enfants pour personnaliser ce th\u00e8me. Utilisez les actions et les filtres disponibles dans le th\u00e8me pour modifier votre site web. Cela vous permet de mettre \u00e0 jour facilement le th\u00e8me principal sans perdre vos modifications. &nbsp; Importer\/exporter les param\u00e8tres du Customizer &nbsp; CSS et Javascript personnalis\u00e9s Ajouter des JS personnalis\u00e9s (Google Analytics, autres scripts tiers) et des CSS facilement depuis le panneau d&rsquo;administration afin que ces modifications ne soient pas affect\u00e9es par les mises \u00e0 jour du th\u00e8me. &nbsp;<\/p>\n","protected":false},"author":1,"featured_media":0,"parent":0,"menu_order":0,"comment_status":"open","ping_status":"open","template":"","meta":{"_acf_changed":false,"footnotes":""},"class_list":["entry","author-yabasta","post-10705","page","type-page","status-publish"],"acf":[],"featured_image_src":null,"featured_image_src_square":null,"jetpack_sharing_enabled":true,"_links":{"self":[{"href":"https:\/\/yabasta-records.com\/fr\/wp-json\/wp\/v2\/pages\/10705","targetHints":{"allow":["GET"]}}],"collection":[{"href":"https:\/\/yabasta-records.com\/fr\/wp-json\/wp\/v2\/pages"}],"about":[{"href":"https:\/\/yabasta-records.com\/fr\/wp-json\/wp\/v2\/types\/page"}],"author":[{"embeddable":true,"href":"https:\/\/yabasta-records.com\/fr\/wp-json\/wp\/v2\/users\/1"}],"replies":[{"embeddable":true,"href":"https:\/\/yabasta-records.com\/fr\/wp-json\/wp\/v2\/comments?post=10705"}],"version-history":[{"count":1,"href":"https:\/\/yabasta-records.com\/fr\/wp-json\/wp\/v2\/pages\/10705\/revisions"}],"predecessor-version":[{"id":10710,"href":"https:\/\/yabasta-records.com\/fr\/wp-json\/wp\/v2\/pages\/10705\/revisions\/10710"}],"wp:attachment":[{"href":"https:\/\/yabasta-records.com\/fr\/wp-json\/wp\/v2\/media?parent=10705"}],"curies":[{"name":"wp","href":"https:\/\/api.w.org\/{rel}","templated":true}]}}