{"id":10709,"date":"2018-02-08T14:01:53","date_gmt":"2018-02-08T14:01:53","guid":{"rendered":"https:\/\/yabasta-records.com\/feloche"},"modified":"2023-10-12T18:26:10","modified_gmt":"2023-10-12T18:26:10","slug":"feloche","status":"publish","type":"page","link":"https:\/\/yabasta-records.com\/fr\/feloche","title":{"rendered":"F\u00e9loche"},"content":{"rendered":"<h3>\u00c9coutez ! C&rsquo;est F\u00e9loche qui introduit le son impertinent de sa mandoline, et son style fou et romantique.<br \/>\nF\u00e9loche a vu le monde, et cela ne signifie pas seulement qu&rsquo;il a voyag\u00e9. O\u00f9 qu&rsquo;il aille, il se fait des amis, avec son grand sourire lumineux qui semble plus grand que lui. Partout o\u00f9 il va, il devient un habitant, que ce soit sur l&rsquo;\u00eele de La Gomera, \u00e0 New York, en Ukraine, en Roumanie ou \u00e0 Argenteuil. Il partage et les gens partagent avec lui : des histoires passionnantes, un sifflet du paradis, des sons vintage tremp\u00e9s dans du dirty rock, des rythmes, du flow et de l&rsquo;inspiration.<br \/>\nF\u00e9loche a convoqu\u00e9 tous ses h\u00e9ros, ses mythes, ses exp\u00e9riences et ses r\u00eaves \u00e0 sa table de mixage pour son deuxi\u00e8me album, Silbo.<\/h3>\n<p style=\"text-align: center;\"><iframe loading=\"lazy\" src=\"https:\/\/open.spotify.com\/embed\/artist\/5ucXr4ku0fsOeViLWHM0lF\" width=\"300\" height=\"380\" frameborder=\"0\"><\/iframe><\/p>\n<table width=\"100%\" cellspacing=\"0\" cellpadding=\"0\" border=\"0\" align=\"center\">\n<tbody>\n<tr>\n<td width=\"345\" valign=\"top\">\n<p class=\"artist-det-content\">Le silbo est la langue siffl\u00e9e de l&rsquo;\u00eele de La Gomera, dans les \u00eeles Canaries, o\u00f9 elle est encore utilis\u00e9e par les habitants pour communiquer \u00e0 travers les montagnes. L&rsquo;UNESCO a class\u00e9 cette langue pr\u00e9cieuse comme \u00ab\u00a0patrimoine culturel immat\u00e9riel de l&rsquo;humanit\u00e9\u00a0\u00bb. Elle a \u00e9t\u00e9 transmise \u00e0 F\u00e9loche par son beau-p\u00e8re, le s\u00e9paratiste Bonifacio Santos Herrera, en m\u00eame temps qu&rsquo;un amour profond pour le pays dont il a \u00e9t\u00e9 exil\u00e9. \u00c0 l&rsquo;\u00e2ge de 11 ans, F\u00e9loche s&rsquo;est rendu seul sur l&rsquo;\u00eele ; ce voyage l&rsquo;a chang\u00e9 \u00e0 jamais. La chanson, qui devait initialement figurer sur l&rsquo;album en tant qu&rsquo;hommage priv\u00e9, a soudainement \u00e9t\u00e9 propuls\u00e9e dans le domaine public. En France, sa gravit\u00e9 \u00e9motionnelle n&rsquo;a pas \u00e9chapp\u00e9 aux oreilles aiguis\u00e9es de certains DJ de radio, qui l&rsquo;ont fait \u00e9couter \u00e0 leur public. Elle s&rsquo;est r\u00e9pandue \u00e0 travers la M\u00e9diterran\u00e9e comme une tra\u00een\u00e9e de poudre et a explos\u00e9 \u00e0 La Gomera, o\u00f9 elle a fait l&rsquo;objet d&rsquo;une couverture dans les journaux, aux informations, et m\u00eame dans les \u00e9coles, jusqu&rsquo;au plus haut niveau. La population de La Gomera a c\u00e9l\u00e9br\u00e9 cet incroyable hommage \u00e0 sa culture et \u00e0 son fr\u00e8re disparu, Bonifacio.<\/p>\n<p>Roxanne Shant\u00e9, la m\u00e8re du rap new-yorkais, a enseign\u00e9 \u00e0 F\u00e9loche tout ce qu&rsquo;il fallait savoir sur le flow lorsqu&rsquo;il \u00e9tait enfant. Pourtant, travailler avec elle semblait \u00eatre un r\u00eave lointain, jusqu&rsquo;\u00e0 ce qu&rsquo;elle apparaisse enfin sur la sc\u00e8ne pour le duo hip-hop \u00ab\u00a0T2Ceux\u00a0\u00bb.<\/p>\n<p>F\u00e9loche a mis du temps \u00e0 rejoindre Rona Hartner. Tout comme Gadjo Dilo de Toni Gatlif, il l&rsquo;a trouv\u00e9e dans sa qu\u00eate du son. Dans ses bras, elle chante la transe balkanique \u00ab\u00a0Mythologie\u00a0\u00bb.<\/p>\n<p>Dans \u00ab\u00a0Je Ne Mange Pas 6 Jours\u00a0\u00bb, Oleg Skrypka, la chanteuse du groupe culte ukrainien VV, pose sa voix sur un rythme techno romantique et implacable. Le titre du morceau est d\u00e9sormais l&rsquo;expression fran\u00e7aise la plus populaire en Russie et en Ukraine, o\u00f9 F\u00e9loche a tourn\u00e9 avec VV il y a quelques ann\u00e9es.<\/p>\n<p>La guitare n&rsquo;a pas sa place dans cette c\u00e9l\u00e9bration \u00e9nergique et d\u00e9cadente. Avec son jeu sinc\u00e8re, F\u00e9loche capture l&rsquo;\u00e2me de sa mandoline. Avec elle, il d\u00e9place les param\u00e8tres du disco, de la techno et du hip hop, rendant un hommage pur et simple au funk des ann\u00e9es 1980 de Prince dans \u00ab\u00a0NYC : ODC\u00a0\u00bb et au piano Honky Tonk des Stones dans \u00ab\u00a0M\u00e9moire Vive\u00a0\u00bb. L&rsquo;\u00e2me de ce po\u00e8te chancelant est mise \u00e0 nu par sa mandoline.<\/p>\n<p>Pour le titre \u00ab\u00a0A La L\u00e9g\u00e8re\u00a0\u00bb, F\u00e9loche a r\u00e9alis\u00e9 un r\u00eave fou de jouer avec un orchestre de mandolines. Il a fait venir 64 mandolinistes \u00e2g\u00e9s de 7 \u00e0 87 ans, de l&rsquo;Estudiantina d&rsquo;Argenteuil. Ensemble, avec F\u00e9loche, ils vous emportent dans un tourbillon de morceaux.<\/p>\n<p>Dans la langue expressive et retentissante de Silbo, F\u00e9loche confirme ce qu&rsquo;il avait promis dans son premier album, La Vie Cajun : faire une musique internationale qui porte haut les couleurs de l&rsquo;humour fran\u00e7ais.<\/p>\n<p>Son souci du d\u00e9tail et son perfectionnisme ne lui laissent aucun r\u00e9pit. Il se lance avec la m\u00eame sinc\u00e9rit\u00e9 dans toutes les dimensions esth\u00e9tiques, exploratoires, humoristiques, politiques, graphiques et sc\u00e9nographiques ouvertes par sa musique. Maintenant que ses invit\u00e9s sont partis, F\u00e9loche s&rsquo;appr\u00eate \u00e0 les r\u00e9incarner sur sc\u00e8ne avec ses magiciens Caroline Daparo, Christophe Malherbe et David Rolland. Avec lui, ces musiciens forment un groupe taill\u00e9 pour la sc\u00e8ne.<\/p>\n<\/td>\n<td width=\"30\" valign=\"top\"><\/td>\n<\/tr>\n<\/tbody>\n<\/table>\n","protected":false},"excerpt":{"rendered":"<p>\u00c9coutez ! C&rsquo;est F\u00e9loche qui introduit le son impertinent de sa mandoline, et son style fou et romantique. F\u00e9loche a vu le monde, et cela ne signifie pas seulement qu&rsquo;il a voyag\u00e9. O\u00f9 qu&rsquo;il aille, il se fait des amis, avec son grand sourire lumineux qui semble plus grand que lui. Partout o\u00f9 il va, il devient un habitant, que ce soit sur l&rsquo;\u00eele de La Gomera, \u00e0 New York, en Ukraine, en Roumanie ou \u00e0 Argenteuil. Il partage et les gens partagent avec lui : des histoires passionnantes, un sifflet du paradis, des sons vintage tremp\u00e9s dans du dirty rock, des rythmes, du flow<span class=\"more-link\"><a href=\"https:\/\/yabasta-records.com\/fr\/feloche\">Read More &rarr;<\/a><\/span><\/p>\n","protected":false},"author":1,"featured_media":9147,"parent":0,"menu_order":0,"comment_status":"closed","ping_status":"closed","template":"","meta":{"_acf_changed":false,"footnotes":""},"class_list":["entry","author-yabasta","post-10709","page","type-page","status-publish","has-post-thumbnail"],"acf":[],"featured_image_src":"https:\/\/yabasta-records.com\/wp-content\/uploads\/2018\/02\/feloche_web_72dpi_rvb-295.jpg","featured_image_src_square":"https:\/\/yabasta-records.com\/wp-content\/uploads\/2018\/02\/feloche_web_72dpi_rvb-295.jpg","jetpack_sharing_enabled":true,"_links":{"self":[{"href":"https:\/\/yabasta-records.com\/fr\/wp-json\/wp\/v2\/pages\/10709","targetHints":{"allow":["GET"]}}],"collection":[{"href":"https:\/\/yabasta-records.com\/fr\/wp-json\/wp\/v2\/pages"}],"about":[{"href":"https:\/\/yabasta-records.com\/fr\/wp-json\/wp\/v2\/types\/page"}],"author":[{"embeddable":true,"href":"https:\/\/yabasta-records.com\/fr\/wp-json\/wp\/v2\/users\/1"}],"replies":[{"embeddable":true,"href":"https:\/\/yabasta-records.com\/fr\/wp-json\/wp\/v2\/comments?post=10709"}],"version-history":[{"count":2,"href":"https:\/\/yabasta-records.com\/fr\/wp-json\/wp\/v2\/pages\/10709\/revisions"}],"predecessor-version":[{"id":10717,"href":"https:\/\/yabasta-records.com\/fr\/wp-json\/wp\/v2\/pages\/10709\/revisions\/10717"}],"wp:featuredmedia":[{"embeddable":true,"href":"https:\/\/yabasta-records.com\/fr\/wp-json\/wp\/v2\/media\/9147"}],"wp:attachment":[{"href":"https:\/\/yabasta-records.com\/fr\/wp-json\/wp\/v2\/media?parent=10709"}],"curies":[{"name":"wp","href":"https:\/\/api.w.org\/{rel}","templated":true}]}}