{"id":10712,"date":"2016-11-28T10:32:35","date_gmt":"2016-11-28T10:32:35","guid":{"rendered":"https:\/\/yabasta-records.com\/404-page"},"modified":"2023-10-12T18:26:09","modified_gmt":"2023-10-12T18:26:09","slug":"404-page","status":"publish","type":"page","link":"https:\/\/yabasta-records.com\/fr\/404-page","title":{"rendered":"404 Page"},"content":{"rendered":"<h3 style=\"text-align: center;\"><span style=\"font-weight: bold; font-size: 170px; line-height: 125px;\">&lt;  404  &gt;<\/span><\/h3>\n<h3 style=\"text-align: center;\"><span style=\"font-size: 75px; line-height: 75px;\">PAGE NON TROUV\u00c9E !!!<\/span><\/h3>\n<h3 style=\"text-align: center;\"><span style=\"font-size: 25px; line-height: 25px;\">D\u00e9tendez-vous et revenez ou <a href=\"http:\/\/yabasta-records.com\/ya-basta-live-3\">allez \u00e9couter de la musique<\/a>.<br \/>\n<\/span><\/h3>\n<p style=\"text-align: center;\">\n","protected":false},"excerpt":{"rendered":"<p>&lt; 404 &gt; PAGE NON TROUV\u00c9E !!! D\u00e9tendez-vous et revenez ou allez \u00e9couter de la musique.<\/p>\n","protected":false},"author":1,"featured_media":0,"parent":0,"menu_order":0,"comment_status":"closed","ping_status":"closed","template":"","meta":{"_acf_changed":false,"footnotes":""},"class_list":["entry","author-yabasta","post-10712","page","type-page","status-publish"],"acf":[],"featured_image_src":null,"featured_image_src_square":null,"jetpack_sharing_enabled":true,"_links":{"self":[{"href":"https:\/\/yabasta-records.com\/fr\/wp-json\/wp\/v2\/pages\/10712","targetHints":{"allow":["GET"]}}],"collection":[{"href":"https:\/\/yabasta-records.com\/fr\/wp-json\/wp\/v2\/pages"}],"about":[{"href":"https:\/\/yabasta-records.com\/fr\/wp-json\/wp\/v2\/types\/page"}],"author":[{"embeddable":true,"href":"https:\/\/yabasta-records.com\/fr\/wp-json\/wp\/v2\/users\/1"}],"replies":[{"embeddable":true,"href":"https:\/\/yabasta-records.com\/fr\/wp-json\/wp\/v2\/comments?post=10712"}],"version-history":[{"count":1,"href":"https:\/\/yabasta-records.com\/fr\/wp-json\/wp\/v2\/pages\/10712\/revisions"}],"predecessor-version":[{"id":10718,"href":"https:\/\/yabasta-records.com\/fr\/wp-json\/wp\/v2\/pages\/10712\/revisions\/10718"}],"wp:attachment":[{"href":"https:\/\/yabasta-records.com\/fr\/wp-json\/wp\/v2\/media?parent=10712"}],"curies":[{"name":"wp","href":"https:\/\/api.w.org\/{rel}","templated":true}]}}