{"id":10749,"date":"2015-05-26T11:46:16","date_gmt":"2015-05-26T11:46:16","guid":{"rendered":"https:\/\/yabasta-records.com\/boites-a-contenu\/merci-pour-votre-abonnement"},"modified":"2023-10-12T18:26:51","modified_gmt":"2023-10-12T18:26:51","slug":"merci-pour-votre-abonnement","status":"publish","type":"page","link":"https:\/\/yabasta-records.com\/fr\/boites-a-contenu\/merci-pour-votre-abonnement","title":{"rendered":"Merci pour votre abonnement"},"content":{"rendered":"<p>Voici une playlist sur le th\u00e8me de Paris cr\u00e9\u00e9e par Philippe Cohen Solal (Gotan Project) pendant que nous pr\u00e9parons le prochain \u00a1Ya Basta ! Lib\u00e9ration.<a href=\"http:\/\/bit.ly\/parislist\"><img loading=\"lazy\" decoding=\"async\" class=\"aligncenter wp-image-1306 size-medium\" src=\"https:\/\/yabasta-records.com\/wp-content\/uploads\/2019\/10\/PCS-A-PARIS-PLAYLIST-sepia2-300x300.png\" alt=\"paris paris playlist\" width=\"300\" height=\"300\"><\/a><\/p>\n","protected":false},"excerpt":{"rendered":"<p>Voici une playlist sur le th\u00e8me de Paris cr\u00e9\u00e9e par Philippe Cohen Solal (Gotan Project) pendant que nous pr\u00e9parons le prochain \u00a1Ya Basta ! Lib\u00e9ration.<\/p>\n","protected":false},"author":1,"featured_media":0,"parent":10746,"menu_order":0,"comment_status":"open","ping_status":"open","template":"","meta":{"_acf_changed":false,"footnotes":""},"class_list":["entry","author-yabasta","post-10749","page","type-page","status-publish"],"acf":[],"featured_image_src":null,"featured_image_src_square":null,"jetpack_sharing_enabled":true,"_links":{"self":[{"href":"https:\/\/yabasta-records.com\/fr\/wp-json\/wp\/v2\/pages\/10749","targetHints":{"allow":["GET"]}}],"collection":[{"href":"https:\/\/yabasta-records.com\/fr\/wp-json\/wp\/v2\/pages"}],"about":[{"href":"https:\/\/yabasta-records.com\/fr\/wp-json\/wp\/v2\/types\/page"}],"author":[{"embeddable":true,"href":"https:\/\/yabasta-records.com\/fr\/wp-json\/wp\/v2\/users\/1"}],"replies":[{"embeddable":true,"href":"https:\/\/yabasta-records.com\/fr\/wp-json\/wp\/v2\/comments?post=10749"}],"version-history":[{"count":1,"href":"https:\/\/yabasta-records.com\/fr\/wp-json\/wp\/v2\/pages\/10749\/revisions"}],"predecessor-version":[{"id":10756,"href":"https:\/\/yabasta-records.com\/fr\/wp-json\/wp\/v2\/pages\/10749\/revisions\/10756"}],"up":[{"embeddable":true,"href":"https:\/\/yabasta-records.com\/fr\/wp-json\/wp\/v2\/pages\/10746"}],"wp:attachment":[{"href":"https:\/\/yabasta-records.com\/fr\/wp-json\/wp\/v2\/media?parent=10749"}],"curies":[{"name":"wp","href":"https:\/\/api.w.org\/{rel}","templated":true}]}}