{"id":10750,"date":"2019-10-23T08:23:26","date_gmt":"2019-10-23T08:23:26","guid":{"rendered":"https:\/\/yabasta-records.com\/bonjour"},"modified":"2025-06-13T11:15:25","modified_gmt":"2025-06-13T11:15:25","slug":"bonjour","status":"publish","type":"page","link":"https:\/\/yabasta-records.com\/fr","title":{"rendered":"Home"},"content":{"rendered":"\n\n\n\n\n<div style=\"height:80px\" aria-hidden=\"true\" class=\"wp-block-spacer\"><\/div>\n\n\n\n<h4 class=\"wp-block-heading\">Derni\u00e8res nouveaut\u00e9s<\/h4>\n\n\n<section class=\"gb-block-post-grid featuredpost aligncenter\"><div class=\"gb-post-grid-items is-grid columns-3\"><article id=\"post-11497\" class=\"entry author-yabasta has-excerpt gb-post-grid-item post-11497 post type-post status-publish format-standard has-post-thumbnail category-non-classifiee\"><div class=\"gb-block-post-grid-image\"><a href=\"https:\/\/yabasta-records.com\/fr\/por-una-cabeza-tech-remix-out-now\" rel=\"bookmark\" aria-hidden=\"true\" tabindex=\"-1\"><img loading=\"lazy\" decoding=\"async\" width=\"2560\" height=\"2560\" src=\"https:\/\/yabasta-records.com\/wp-content\/uploads\/2026\/03\/delgado_cabeza_tech-2-1-scaled.jpg\" class=\"attachment-full size-full\" alt=\"\" srcset=\"https:\/\/yabasta-records.com\/wp-content\/uploads\/2026\/03\/delgado_cabeza_tech-2-1-scaled.jpg 2560w, https:\/\/yabasta-records.com\/wp-content\/uploads\/2026\/03\/delgado_cabeza_tech-2-1-300x300.jpg 300w, https:\/\/yabasta-records.com\/wp-content\/uploads\/2026\/03\/delgado_cabeza_tech-2-1-1024x1024.jpg 1024w, https:\/\/yabasta-records.com\/wp-content\/uploads\/2026\/03\/delgado_cabeza_tech-2-1-150x150.jpg 150w, https:\/\/yabasta-records.com\/wp-content\/uploads\/2026\/03\/delgado_cabeza_tech-2-1-768x768.jpg 768w, https:\/\/yabasta-records.com\/wp-content\/uploads\/2026\/03\/delgado_cabeza_tech-2-1-1536x1536.jpg 1536w, https:\/\/yabasta-records.com\/wp-content\/uploads\/2026\/03\/delgado_cabeza_tech-2-1-2048x2048.jpg 2048w, https:\/\/yabasta-records.com\/wp-content\/uploads\/2026\/03\/delgado_cabeza_tech-2-1-600x600.jpg 600w, https:\/\/yabasta-records.com\/wp-content\/uploads\/2026\/03\/delgado_cabeza_tech-2-1-425x425.jpg 425w, https:\/\/yabasta-records.com\/wp-content\/uploads\/2026\/03\/delgado_cabeza_tech-2-1-100x100.jpg 100w\" sizes=\"auto, (max-width: 2560px) 100vw, 2560px\" \/><\/a><\/div><div class=\"gb-block-post-grid-text\"><header class=\"gb-block-post-grid-header\"><h4 class=\"gb-block-post-grid-title\"><a href=\"https:\/\/yabasta-records.com\/fr\/por-una-cabeza-tech-remix-out-now\" rel=\"bookmark\">Por Una Cabeza (Tech Remix) Out Now !<\/a><\/h4><div class=\"gb-block-post-grid-byline\"><\/div><\/header><div class=\"gb-block-post-grid-excerpt\"><p>\u00ab\u00a0Por Una Cabeza (Tech Remix) de Delgado et Cohen Solal combine des rythmes \u00e9lectroniques avec du violoncelle, m\u00e9langeant les styles modernes et traditionnels. Disponible sur toutes les plateformes !\u00a0\u00bb<\/p>\n<p><a class=\"gb-block-post-grid-more-link gb-text-link\" href=\"https:\/\/yabasta-records.com\/fr\/por-una-cabeza-tech-remix-out-now\" rel=\"bookmark\">Read more <span class=\"screen-reader-text\">Por Una Cabeza (Tech Remix) Out Now !<\/span><\/a><\/p><\/div><\/div><\/article>\n<article id=\"post-11500\" class=\"entry author-yabasta has-excerpt gb-post-grid-item post-11500 post type-post status-publish format-standard has-post-thumbnail category-non-classifiee tag-album-fr tag-inspiracion-espiracion tag-projet-gotan tag-vinyle-dore\"><div class=\"gb-block-post-grid-image\"><a href=\"https:\/\/yabasta-records.com\/fr\/nouveau-vinyle-dore-limite-disponible-des-maintenant\" rel=\"bookmark\" aria-hidden=\"true\" tabindex=\"-1\"><img loading=\"lazy\" decoding=\"async\" width=\"1444\" height=\"962\" src=\"https:\/\/yabasta-records.com\/wp-content\/uploads\/2025\/10\/Capture-decran-2025-09-29-a-13.11.45.png\" class=\"attachment-full size-full\" alt=\"\" srcset=\"https:\/\/yabasta-records.com\/wp-content\/uploads\/2025\/10\/Capture-decran-2025-09-29-a-13.11.45.png 1444w, https:\/\/yabasta-records.com\/wp-content\/uploads\/2025\/10\/Capture-decran-2025-09-29-a-13.11.45-300x200.png 300w, https:\/\/yabasta-records.com\/wp-content\/uploads\/2025\/10\/Capture-decran-2025-09-29-a-13.11.45-1024x682.png 1024w, https:\/\/yabasta-records.com\/wp-content\/uploads\/2025\/10\/Capture-decran-2025-09-29-a-13.11.45-768x512.png 768w, https:\/\/yabasta-records.com\/wp-content\/uploads\/2025\/10\/Capture-decran-2025-09-29-a-13.11.45-600x400.png 600w, https:\/\/yabasta-records.com\/wp-content\/uploads\/2025\/10\/Capture-decran-2025-09-29-a-13.11.45-425x283.png 425w\" sizes=\"auto, (max-width: 1444px) 100vw, 1444px\" \/><\/a><\/div><div class=\"gb-block-post-grid-text\"><header class=\"gb-block-post-grid-header\"><h4 class=\"gb-block-post-grid-title\"><a href=\"https:\/\/yabasta-records.com\/fr\/nouveau-vinyle-dore-limite-disponible-des-maintenant\" rel=\"bookmark\">Nouveau vinyle dor\u00e9 limit\u00e9 disponible d\u00e8s maintenant !<\/a><\/h4><div class=\"gb-block-post-grid-byline\"><\/div><\/header><div class=\"gb-block-post-grid-excerpt\"><p>Le nouveau vinyle d&rsquo;or est sorti pour c\u00e9l\u00e9brer le 20e anniversaire de l&rsquo;album r\u00e9volutionnaire Inspiraci\u00f3n Espiraci\u00f3n de Gotan Project.<\/p>\n<p><a class=\"gb-block-post-grid-more-link gb-text-link\" href=\"https:\/\/yabasta-records.com\/fr\/nouveau-vinyle-dore-limite-disponible-des-maintenant\" rel=\"bookmark\">Read more <span class=\"screen-reader-text\">Nouveau vinyle dor\u00e9 limit\u00e9 disponible d\u00e8s maintenant !<\/span><\/a><\/p><\/div><\/div><\/article>\n<article id=\"post-11501\" class=\"entry author-yabasta has-excerpt gb-post-grid-item post-11501 post type-post status-publish format-standard has-post-thumbnail category-insider-outsider category-outsider-fr category-philippe-cohen-solal tag-adam-glover-fr tag-etranger tag-grand-palais tag-hannah-peel-fr tag-henry-darger-fr tag-lucid-realities tag-mike-lindsay-fr tag-philippe-cohen-solal-fr tag-projet-gotan tag-unframed-collection\"><div class=\"gb-block-post-grid-image\"><a href=\"https:\/\/yabasta-records.com\/fr\/insider-outsider-une-experience-musicale-en-realite-virtuelle-inspiree-de-henry-darger-au-grand-palais-du-20-juin-au-21-septembre-2025\" rel=\"bookmark\" aria-hidden=\"true\" tabindex=\"-1\"><img loading=\"lazy\" decoding=\"async\" width=\"1920\" height=\"1080\" src=\"https:\/\/yabasta-records.com\/wp-content\/uploads\/2025\/06\/Carton_16x9.jpg\" class=\"attachment-full size-full\" alt=\"\" srcset=\"https:\/\/yabasta-records.com\/wp-content\/uploads\/2025\/06\/Carton_16x9.jpg 1920w, https:\/\/yabasta-records.com\/wp-content\/uploads\/2025\/06\/Carton_16x9-300x169.jpg 300w, https:\/\/yabasta-records.com\/wp-content\/uploads\/2025\/06\/Carton_16x9-1024x576.jpg 1024w, https:\/\/yabasta-records.com\/wp-content\/uploads\/2025\/06\/Carton_16x9-768x432.jpg 768w, https:\/\/yabasta-records.com\/wp-content\/uploads\/2025\/06\/Carton_16x9-1536x864.jpg 1536w, https:\/\/yabasta-records.com\/wp-content\/uploads\/2025\/06\/Carton_16x9-425x239.jpg 425w, https:\/\/yabasta-records.com\/wp-content\/uploads\/2025\/06\/Carton_16x9-600x338.jpg 600w\" sizes=\"auto, (max-width: 1920px) 100vw, 1920px\" \/><\/a><\/div><div class=\"gb-block-post-grid-text\"><header class=\"gb-block-post-grid-header\"><h4 class=\"gb-block-post-grid-title\"><a href=\"https:\/\/yabasta-records.com\/fr\/insider-outsider-une-experience-musicale-en-realite-virtuelle-inspiree-de-henry-darger-au-grand-palais-du-20-juin-au-21-septembre-2025\" rel=\"bookmark\">INSIDER-OUTSIDER : une exp\u00e9rience musicale en r\u00e9alit\u00e9 virtuelle inspir\u00e9e de Henry Darger au Grand Palais, du 20 juin au 21 septembre 2025.<\/a><\/h4><div class=\"gb-block-post-grid-byline\"><\/div><\/header><div class=\"gb-block-post-grid-excerpt\"><p>D\u00e9couvrez INSIDER-OUTSIDER : une exp\u00e9rience musicale en r\u00e9alit\u00e9 virtuelle inspir\u00e9e de Henry Darger, pr\u00e9sent\u00e9e au Grand Palais du 20 juin au 21 septembre 2025.<\/p>\n<p><a class=\"gb-block-post-grid-more-link gb-text-link\" href=\"https:\/\/yabasta-records.com\/fr\/insider-outsider-une-experience-musicale-en-realite-virtuelle-inspiree-de-henry-darger-au-grand-palais-du-20-juin-au-21-septembre-2025\" rel=\"bookmark\">Read more <span class=\"screen-reader-text\">INSIDER-OUTSIDER : une exp\u00e9rience musicale en r\u00e9alit\u00e9 virtuelle inspir\u00e9e de Henry Darger au Grand Palais, du 20 juin au 21 septembre 2025.<\/span><\/a><\/p><\/div><\/div><\/article>\n<\/div><\/section>\n\n\n<div style=\"height:40px\" aria-hidden=\"true\" class=\"wp-block-spacer\"><\/div>\n\n\n\n<h4 class=\"wp-block-heading\">\u00c9COUTER LES DERNIERES SORTIES \u00a1YA BASTA ! RECORDS<\/h4>\n\n\n\n<figure class=\"wp-block-embed is-type-video is-provider-youtube wp-block-embed-youtube wp-embed-aspect-16-9 wp-has-aspect-ratio\"><div class=\"wp-block-embed__wrapper\">\n<iframe loading=\"lazy\" title=\"Philippe Cohen Solal &amp; Mike Lindsay - Mother At Your Feet I&#039;m Kneeling (Official Music Video)\" width=\"1260\" height=\"709\" src=\"https:\/\/www.youtube.com\/embed\/egQ4sSr-l7g?feature=oembed\" frameborder=\"0\" allow=\"accelerometer; autoplay; clipboard-write; encrypted-media; gyroscope; picture-in-picture; web-share\" referrerpolicy=\"strict-origin-when-cross-origin\" allowfullscreen><\/iframe>\n<\/div><\/figure>\n\n\n\n<div style=\"height:80px\" aria-hidden=\"true\" class=\"wp-block-spacer\"><\/div>\n\n\n\n<center>\u00a1Ya Basta ! Records depuis 1996<\/center>\n","protected":false},"excerpt":{"rendered":"<p>Derni\u00e8res nouveaut\u00e9s \u00c9COUTER LES DERNIERES SORTIES \u00a1YA BASTA ! RECORDS \u00a1Ya Basta ! Records depuis 1996<\/p>\n","protected":false},"author":1,"featured_media":0,"parent":0,"menu_order":0,"comment_status":"closed","ping_status":"closed","template":"","meta":{"_acf_changed":false,"footnotes":""},"class_list":["entry","author-yabasta","post-10750","page","type-page","status-publish"],"acf":[],"featured_image_src":null,"featured_image_src_square":null,"jetpack_sharing_enabled":true,"_links":{"self":[{"href":"https:\/\/yabasta-records.com\/fr\/wp-json\/wp\/v2\/pages\/10750","targetHints":{"allow":["GET"]}}],"collection":[{"href":"https:\/\/yabasta-records.com\/fr\/wp-json\/wp\/v2\/pages"}],"about":[{"href":"https:\/\/yabasta-records.com\/fr\/wp-json\/wp\/v2\/types\/page"}],"author":[{"embeddable":true,"href":"https:\/\/yabasta-records.com\/fr\/wp-json\/wp\/v2\/users\/1"}],"replies":[{"embeddable":true,"href":"https:\/\/yabasta-records.com\/fr\/wp-json\/wp\/v2\/comments?post=10750"}],"version-history":[{"count":7,"href":"https:\/\/yabasta-records.com\/fr\/wp-json\/wp\/v2\/pages\/10750\/revisions"}],"predecessor-version":[{"id":11411,"href":"https:\/\/yabasta-records.com\/fr\/wp-json\/wp\/v2\/pages\/10750\/revisions\/11411"}],"wp:attachment":[{"href":"https:\/\/yabasta-records.com\/fr\/wp-json\/wp\/v2\/media?parent=10750"}],"curies":[{"name":"wp","href":"https:\/\/api.w.org\/{rel}","templated":true}]}}