{"id":10760,"date":"2015-01-11T16:17:04","date_gmt":"2015-01-11T16:17:04","guid":{"rendered":"https:\/\/yabasta-records.com\/le-blog-ubix"},"modified":"2023-10-12T18:26:51","modified_gmt":"2023-10-12T18:26:51","slug":"le-blog-ubix","status":"publish","type":"page","link":"https:\/\/yabasta-records.com\/fr\/le-blog-ubix","title":{"rendered":"Le blog Ubix"},"content":{"rendered":"<p>Il s&rsquo;agit d&rsquo;un texte facultatif qui peut \u00eatre modifi\u00e9 \u00e0 partir de l&rsquo;\u00e9cran Modifier la page.<br \/>\n(Si vous ne voyez pas les articles de blog ci-dessous, allez dans Param\u00e8tres &#8211; Lecture dans votre wp-admin et d\u00e9finissez votre page d&rsquo;articles comme cette page)<\/p>\n","protected":false},"excerpt":{"rendered":"<p>Il s&rsquo;agit d&rsquo;un texte facultatif qui peut \u00eatre modifi\u00e9 \u00e0 partir de l&rsquo;\u00e9cran Modifier la page. (Si vous ne voyez pas les articles de blog ci-dessous, allez dans Param\u00e8tres &#8211; Lecture dans votre wp-admin et d\u00e9finissez votre page d&rsquo;articles comme cette page)<\/p>\n","protected":false},"author":1,"featured_media":0,"parent":0,"menu_order":0,"comment_status":"open","ping_status":"open","template":"","meta":{"_acf_changed":false,"footnotes":""},"class_list":["entry","author-yabasta","post-10760","page","type-page","status-publish"],"acf":[],"featured_image_src":null,"featured_image_src_square":null,"jetpack_sharing_enabled":true,"_links":{"self":[{"href":"https:\/\/yabasta-records.com\/fr\/wp-json\/wp\/v2\/pages\/10760","targetHints":{"allow":["GET"]}}],"collection":[{"href":"https:\/\/yabasta-records.com\/fr\/wp-json\/wp\/v2\/pages"}],"about":[{"href":"https:\/\/yabasta-records.com\/fr\/wp-json\/wp\/v2\/types\/page"}],"author":[{"embeddable":true,"href":"https:\/\/yabasta-records.com\/fr\/wp-json\/wp\/v2\/users\/1"}],"replies":[{"embeddable":true,"href":"https:\/\/yabasta-records.com\/fr\/wp-json\/wp\/v2\/comments?post=10760"}],"version-history":[{"count":1,"href":"https:\/\/yabasta-records.com\/fr\/wp-json\/wp\/v2\/pages\/10760\/revisions"}],"predecessor-version":[{"id":10765,"href":"https:\/\/yabasta-records.com\/fr\/wp-json\/wp\/v2\/pages\/10760\/revisions\/10765"}],"wp:attachment":[{"href":"https:\/\/yabasta-records.com\/fr\/wp-json\/wp\/v2\/media?parent=10760"}],"curies":[{"name":"wp","href":"https:\/\/api.w.org\/{rel}","templated":true}]}}