{"id":10847,"date":"2019-12-11T14:50:49","date_gmt":"2019-12-11T14:50:49","guid":{"rendered":"https:\/\/yabasta-records.com\/ya-basta-live"},"modified":"2023-10-12T19:00:22","modified_gmt":"2023-10-12T19:00:22","slug":"ya-basta-live","status":"publish","type":"page","link":"https:\/\/yabasta-records.com\/fr\/ya-basta-live","title":{"rendered":"\u00a1Ya Basta ! Live"},"content":{"rendered":"\n<figure class=\"wp-block-embed-youtube wp-block-embed is-type-video is-provider-youtube wp-embed-aspect-16-9 wp-has-aspect-ratio\"><div class=\"wp-block-embed__wrapper\">\n<iframe loading=\"lazy\" title=\"CHRISTMAS SESSION ! Philippe Cohen Solal w\/ Marc Kraftchik | \u00a1Ya Basta! Live #13\" width=\"1260\" height=\"709\" src=\"https:\/\/www.youtube.com\/embed\/cuajbmeIkoE?feature=oembed\" frameborder=\"0\" allow=\"accelerometer; autoplay; clipboard-write; encrypted-media; gyroscope; picture-in-picture; web-share\" allowfullscreen><\/iframe>\n<\/div><figcaption>De retour \u00e0 la demande g\u00e9n\u00e9rale : DJ Set sp\u00e9cial No\u00ebl par Philippe Cohen Solal, co-fondateur de Gotan Project, avec Marc Kraftchik, percussionniste de la c\u00e9l\u00e8bre chanteuse fran\u00e7aise V\u00e9ronique Sanson. <br\/><\/figcaption><\/figure>\n\n<p>Chaque mois, nous ouvrons notre bureau et notre salon \u00e0 nos amis et \u00e0 des musiciens talentueux pour des sessions live. Chaque mois, nous ouvrons notre bureau et notre salon \u00e0 nos amis et \u00e0 des musiciens talentueux pour des sessions live.<\/p>\n<p><a href=\"https:\/\/www.youtube.com\/watch?v=GKb5OOOyNGU\">Mo Laudi<\/a>, <a href=\"https:\/\/www.youtube.com\/watch?v=339paAHXv88\">El Buho<\/a>, <a href=\"https:\/\/www.facebook.com\/Poteofficial\/\">Pot\u00e9<\/a>, <a href=\"https:\/\/www.youtube.com\/watch?v=DG1rV66FpiY&amp;list=PL6c_5GyF9mZSUYWBoDEAluOksNKf86pRh&amp;index=6\">Philippe Cohen Solal<\/a>, La Dame Blanche, Daniel Haaksman, F\u00e9loche et de nombreux autres artistes ont d\u00e9j\u00e0 rejoint le groupe. N&rsquo;oubliez pas de vous inscrire \u00e0 notre <a href=\"https:\/\/www.youtube.com\/user\/yabastarecords\/\">YouTube<\/a> et page <a href=\"http:\/\/fb.com\/yabastarecords\">Facebook page<\/a> pour \u00eatre inform\u00e9 de la diffusion de la prochaine session en direct. Nous serions ravis de recevoir vos commentaires et vos suggestions pour les prochains actes, id\u00e9es et conf\u00e9rences.<\/p>\n<p>En attendant, appuyez sur \u00ab\u00a0play\u00a0\u00bb et profitez de la musique dans notre salon. Un concert priv\u00e9 juste pour vous.<\/p>\n<p>&nbsp;<\/p>\n\n<p class=\"has-text-align-center\"><\/p>\n\n<p style=\"text-align: center;\"><br><iframe loading=\"lazy\" src=\"https:\/\/www.youtube.com\/embed\/6mA6qYV0rAA\" allowfullscreen=\"allowfullscreen\" width=\"560\" height=\"315\" frameborder=\"0\"><\/iframe><\/p>\n<p>&nbsp;<\/p>\n<p style=\"text-align: center;\"><iframe loading=\"lazy\" src=\"https:\/\/www.youtube.com\/embed\/SA8Xxra8bP4\" allowfullscreen=\"allowfullscreen\" width=\"560\" height=\"315\" frameborder=\"0\"><\/iframe><\/p>\n<p>&nbsp;<\/p>\n<p style=\"text-align: center;\"><iframe loading=\"lazy\" src=\"https:\/\/www.youtube.com\/embed\/339paAHXv88\" allowfullscreen=\"allowfullscreen\" width=\"560\" height=\"315\" frameborder=\"0\"><\/iframe><\/p>\n","protected":false},"excerpt":{"rendered":"<p>Regardez les sessions de notre bureau en direct et en streaming.<\/p>\n","protected":false},"author":1,"featured_media":0,"parent":0,"menu_order":0,"comment_status":"closed","ping_status":"closed","template":"","meta":{"_acf_changed":false,"footnotes":""},"class_list":["entry","author-yabasta","has-excerpt","post-10847","page","type-page","status-publish"],"acf":[],"featured_image_src":null,"featured_image_src_square":null,"jetpack_sharing_enabled":true,"_links":{"self":[{"href":"https:\/\/yabasta-records.com\/fr\/wp-json\/wp\/v2\/pages\/10847","targetHints":{"allow":["GET"]}}],"collection":[{"href":"https:\/\/yabasta-records.com\/fr\/wp-json\/wp\/v2\/pages"}],"about":[{"href":"https:\/\/yabasta-records.com\/fr\/wp-json\/wp\/v2\/types\/page"}],"author":[{"embeddable":true,"href":"https:\/\/yabasta-records.com\/fr\/wp-json\/wp\/v2\/users\/1"}],"replies":[{"embeddable":true,"href":"https:\/\/yabasta-records.com\/fr\/wp-json\/wp\/v2\/comments?post=10847"}],"version-history":[{"count":3,"href":"https:\/\/yabasta-records.com\/fr\/wp-json\/wp\/v2\/pages\/10847\/revisions"}],"predecessor-version":[{"id":10850,"href":"https:\/\/yabasta-records.com\/fr\/wp-json\/wp\/v2\/pages\/10847\/revisions\/10850"}],"wp:attachment":[{"href":"https:\/\/yabasta-records.com\/fr\/wp-json\/wp\/v2\/media?parent=10847"}],"curies":[{"name":"wp","href":"https:\/\/api.w.org\/{rel}","templated":true}]}}