{"id":11343,"date":"2025-03-19T16:33:39","date_gmt":"2025-03-19T16:33:39","guid":{"rendered":"https:\/\/yabasta-records.com\/?post_type=product&p=11343"},"modified":"2025-03-19T16:33:39","modified_gmt":"2025-03-19T16:33:39","slug":"pre-commande-inspiracion-espiracion-edition-du-20e-anniversaire-vinyl","status":"publish","type":"product","link":"https:\/\/yabasta-records.com\/fr\/produit\/pre-commande-inspiracion-espiracion-edition-du-20e-anniversaire-vinyl","title":{"rendered":"PRE-COMMANDE \/ Inspiracion, Espiracion (\u00e9dition du 20e anniversaire)  [Vinyl]"},"content":{"rendered":"<p>C&rsquo;est au cours de la tourn\u00e9e 2001-2003 du Gotan Project que Philippe Cohen Solal a imagin\u00e9 Inspiraci\u00f3n &#8211; Espiraci\u00f3n, une collection de tangos rares et funky, de remixes in\u00e9dits et de collisions musicales allant du hip-hop d&rsquo;Anti Pop Consortium \u00e0 la house aventureuse de Peter Kruder, de la techno profonde de Pepe Bradock aux paysages sonores grandioses de Calexico.<\/p>\n<p>Publi\u00e9 \u00e0 l&rsquo;origine en 2004, cet album embl\u00e9matique c\u00e9l\u00e8bre son 20e anniversaire et est d\u00e9sormais disponible pour la premi\u00e8re fois en vinyle dans son \u00e9dition compl\u00e8te et r\u00e9imagin\u00e9e.<\/p>\n<p>Tracklisting :<\/p>\n<table cellspacing=\"0\" cellpadding=\"0\">\n<tbody>\n<tr>\n<td valign=\"bottom\"><b>Face A<\/b><b><\/b><\/td>\n<td valign=\"bottom\"><\/td>\n<td valign=\"bottom\"><\/td>\n<\/tr>\n<tr>\n<td valign=\"bottom\"><b>A1<\/b><b><\/b><\/td>\n<td valign=\"bottom\">La Cumparsita<\/td>\n<td valign=\"bottom\">0:33<\/td>\n<\/tr>\n<tr>\n<td valign=\"bottom\"><b>A2<\/b><b><\/b><\/td>\n<td valign=\"bottom\">Cit\u00e9 Tango<\/td>\n<td valign=\"bottom\">3:56<\/td>\n<\/tr>\n<tr>\n<td valign=\"bottom\"><b>A3<\/b><b><\/b><\/td>\n<td valign=\"bottom\">Round About Midnight<\/td>\n<td valign=\"bottom\">7:07<\/td>\n<\/tr>\n<tr>\n<td valign=\"bottom\"><b>A4<\/b><b><\/b><\/td>\n<td valign=\"bottom\">Confianzas<\/td>\n<td valign=\"bottom\">4:22<\/td>\n<\/tr>\n<tr>\n<td valign=\"bottom\"><b>A5<\/b><b><\/b><\/td>\n<td valign=\"bottom\">L&rsquo;homme [El Hombre Remix]<\/td>\n<td valign=\"bottom\">4:29<\/td>\n<\/tr>\n<tr>\n<td valign=\"bottom\"><\/td>\n<td valign=\"bottom\"><\/td>\n<td valign=\"bottom\"><\/td>\n<\/tr>\n<tr>\n<td valign=\"bottom\"><b>C\u00f4t\u00e9 B<\/b><b><\/b><\/td>\n<td valign=\"bottom\"><\/td>\n<td valign=\"bottom\"><\/td>\n<\/tr>\n<tr>\n<td valign=\"bottom\"><b>B1<\/b><b><\/b><\/td>\n<td valign=\"bottom\">Percusion [Part 1]<\/td>\n<td valign=\"bottom\">2:59<\/td>\n<\/tr>\n<tr>\n<td valign=\"bottom\"><b>B2<\/b><b><\/b><\/td>\n<td valign=\"bottom\">La Del Ruso [Calexico Version]<\/td>\n<td valign=\"bottom\">5:36<\/td>\n<\/tr>\n<tr>\n<td valign=\"bottom\"><b>B3<\/b><b><\/b><\/td>\n<td valign=\"bottom\">El Capitalismo Foraneo [Antipop Consortium Remix]<\/td>\n<td valign=\"bottom\">1:37<\/td>\n<\/tr>\n<tr>\n<td valign=\"bottom\"><b>B4<\/b><b><\/b><\/td>\n<td valign=\"bottom\">Tres Y Dos [Tango]<\/td>\n<td valign=\"bottom\">2:53<\/td>\n<\/tr>\n<tr>\n<td valign=\"bottom\"><b>B5<\/b><b><\/b><\/td>\n<td valign=\"bottom\">M.A.T.H<\/td>\n<td valign=\"bottom\">2:55<\/td>\n<\/tr>\n<tr>\n<td valign=\"bottom\"><b>B6<\/b><b><\/b><\/td>\n<td valign=\"bottom\">Triptico [Peter Kruder Trip De Luxe Edit]<\/td>\n<td valign=\"bottom\">4:03<\/td>\n<\/tr>\n<tr>\n<td valign=\"bottom\"><b>B7<\/b><b><\/b><\/td>\n<td valign=\"bottom\">Santa Maria (Del Buen Ayre) [Pepe Bradock Wider Remix]<\/td>\n<td valign=\"bottom\">2:53<\/td>\n<\/tr>\n<\/tbody>\n<\/table>\n<p>&nbsp;<\/p>\n","protected":false},"excerpt":{"rendered":"<p>C&rsquo;est au cours de la tourn\u00e9e 2001-2003 du Gotan Project que Philippe Cohen Solal a imagin\u00e9 Inspiraci\u00f3n &#8211; Espiraci\u00f3n, une collection de tangos rares et funky, de remixes in\u00e9dits et de collisions musicales allant du hip-hop d&rsquo;Anti Pop Consortium \u00e0 la house aventureuse de Peter Kruder, de la techno profonde de Pepe Bradock aux paysages sonores grandioses de Calexico. Publi\u00e9 \u00e0 l&rsquo;origine en 2004, cet album embl\u00e9matique c\u00e9l\u00e8bre son 20e anniversaire et est d\u00e9sormais disponible pour la premi\u00e8re fois en vinyle dans son \u00e9dition compl\u00e8te et r\u00e9imagin\u00e9e. Tracklisting : Face A A1 La Cumparsita 0:33 A2 Cit\u00e9 Tango 3:56 A3 Round About Midnight 7:07 A4<span class=\"more-link\"><a href=\"https:\/\/yabasta-records.com\/fr\/produit\/pre-commande-inspiracion-espiracion-edition-du-20e-anniversaire-vinyl\">Read More &rarr;<\/a><\/span><\/p>\n","protected":false},"featured_media":11345,"comment_status":"open","ping_status":"closed","template":"","meta":{"_acf_changed":false},"product_brand":[],"product_cat":[1854,1852,1853],"product_tag":[1858,1855,1856,1857],"class_list":{"0":"entry","1":"author-yabasta","2":"post-11343","3":"product","4":"type-product","5":"status-publish","6":"has-post-thumbnail","7":"product_cat-philippe-cohen-solal-fr","8":"product_cat-projet-gotan","9":"product_cat-vinyles","10":"product_tag-album-fr","11":"product_tag-projet-gotan","12":"product_tag-remix-fr","13":"product_tag-vinyle","15":"first","16":"outofstock","17":"taxable","18":"shipping-taxable","19":"purchasable","20":"product-type-simple"},"acf":[],"jetpack_sharing_enabled":true,"_links":{"self":[{"href":"https:\/\/yabasta-records.com\/fr\/wp-json\/wp\/v2\/product\/11343","targetHints":{"allow":["GET"]}}],"collection":[{"href":"https:\/\/yabasta-records.com\/fr\/wp-json\/wp\/v2\/product"}],"about":[{"href":"https:\/\/yabasta-records.com\/fr\/wp-json\/wp\/v2\/types\/product"}],"replies":[{"embeddable":true,"href":"https:\/\/yabasta-records.com\/fr\/wp-json\/wp\/v2\/comments?post=11343"}],"wp:featuredmedia":[{"embeddable":true,"href":"https:\/\/yabasta-records.com\/fr\/wp-json\/wp\/v2\/media\/11345"}],"wp:attachment":[{"href":"https:\/\/yabasta-records.com\/fr\/wp-json\/wp\/v2\/media?parent=11343"}],"wp:term":[{"taxonomy":"product_brand","embeddable":true,"href":"https:\/\/yabasta-records.com\/fr\/wp-json\/wp\/v2\/product_brand?post=11343"},{"taxonomy":"product_cat","embeddable":true,"href":"https:\/\/yabasta-records.com\/fr\/wp-json\/wp\/v2\/product_cat?post=11343"},{"taxonomy":"product_tag","embeddable":true,"href":"https:\/\/yabasta-records.com\/fr\/wp-json\/wp\/v2\/product_tag?post=11343"}],"curies":[{"name":"wp","href":"https:\/\/api.w.org\/{rel}","templated":true}]}}