{"id":1235,"date":"2019-10-22T09:57:25","date_gmt":"2019-10-22T09:57:25","guid":{"rendered":"https:\/\/yabasta-records.com\/?post_type=product&#038;p=1235"},"modified":"2025-03-02T05:34:59","modified_gmt":"2025-03-02T05:34:59","slug":"gotan-project-tango-3-0","status":"publish","type":"product","link":"https:\/\/yabasta-records.com\/fr\/produit\/gotan-project-tango-3-0","title":{"rendered":"Gotan Project &#8211; Tango 3.0 (VINYL)"},"content":{"rendered":"<h2>Gotan Project &#8211; Tango 3.0<\/h2>\n<p>Third studio album<\/p>\n<p>\u00ab\u00a0GOTAN PROJECT continue to define the genre they created with La Revancha del Tango\u00a0\u00bb GILLES PETERSON<\/p>\n<p><iframe loading=\"lazy\" src=\"https:\/\/play.soundsgood.co\/embed\/5daeea504c69bf6b09614426?\" width=\"100%\" height=\"480\" frameborder=\"0\" allowfullscreen=\"allowfullscreen\"><\/iframe><\/p>\n<p>&nbsp;<\/p>\n<ol>\n<li>\u00ab\u00a0Tango Square\u00a0\u00bb \u2013 3:46<\/li>\n<li>\u00ab\u00a0Rayuela\u00a0\u00bb \u2013 4:27<\/li>\n<li>\u00ab\u00a0Desilusi\u00f3n\u00a0\u00bb \u2013 4:24<\/li>\n<li>\u00ab\u00a0Peligro\u00a0\u00bb \u2013 3:57<\/li>\n<li>\u00ab\u00a0La Gloria\u00a0\u00bb \u2013 3:47<\/li>\n<li>\u00ab\u00a0Mil Millones\u00a0\u00bb \u2013 5:49<\/li>\n<li>\u00ab\u00a0Tu Misterio\u00a0\u00bb \u2013 3:21 (featuring <a title=\"Daniel Melingo\" href=\"https:\/\/en.wikipedia.org\/wiki\/Daniel_Melingo\">Daniel Melingo<\/a>)<\/li>\n<li>\u00ab\u00a0De Hombre a Hombre\u00a0\u00bb \u2013 3:25<\/li>\n<li>\u00ab\u00a0El Mensajero\u00a0\u00bb \u2013 2:35<\/li>\n<li>\u00ab\u00a0Panamericana\u00a0\u00bb \u2013 4:33<\/li>\n<li>\u00ab\u00a0\u00c9rase Una Vez\u00a0\u00bb \u2013 4:20<\/li>\n<\/ol>\n<ul>\n<li>Philippe Cohen Solal &#8211; electric guitar, bass, keyboards, whistle, dub FX<\/li>\n<li>Eduardo Makaroff &#8211; acoustic and electric guitar<\/li>\n<li>Christoph H. M\u00fcller &#8211; bass, keyboards, tenori-on, vocoders, programming, dub FX<\/li>\n<li>Cristina Vilallonga &#8211; vocals<\/li>\n<\/ul>\n<h3><span id=\"Additional_personnel\" class=\"mw-headline\">Additional personnel<\/span><\/h3>\n<ul>\n<li>Gustavo Beytelmann &#8211; piano.<\/li>\n<li>Nini Flores &#8211; bandoneon.<\/li>\n<li>Rodrigo Guerra &#8211; musical saw, mandolin.<\/li>\n<li>Dr. John &#8211; Hammond B3 organ (on \u00ab\u00a0Tango Square\u00a0\u00bb).<\/li>\n<li>Line Kruse &#8211; violin.<\/li>\n<li>Franco Luciani &#8211; harmonica.<\/li>\n<li>Daniel Melingo &#8211; vocals and clarinet on \u00ab\u00a0Tu Misterio\u00a0\u00bb.<\/li>\n<li><a class=\"mw-redirect\" title=\"Victor Hugo Morales\" href=\"https:\/\/en.wikipedia.org\/wiki\/Victor_Hugo_Morales\">Victor Hugo Morales<\/a> &#8211; soccer commentator (relator de f\u00fatbol) on \u00ab\u00a0La Gloria\u00a0\u00bb.<\/li>\n<li>Rudi Flores &#8211; acoustic guitar<\/li>\n<li>Romain Lecuyer &#8211; double-bass<\/li>\n<li>Cecile Audebert &#8211; harp<\/li>\n<\/ul>\n<h3><span id=\"Strings_and_horns_arranged_and_conducted_by_Gustavo_Beytelmann\" class=\"mw-headline\">Strings and horns arranged and conducted by Gustavo Beytelmann<\/span><\/h3>\n<ul>\n<li>Cyril Garac (leader), Corine Auclin, Noelle Barbereau, V\u00e9ronique Bohn, David Braccini, Michel Dietz, David Galoustov, Nicolas Gros, Philippe Huynh: violins<\/li>\n<li>Francoise Bordenave, C\u00e9cile Brossard, S\u00e9bastien Levy: violas<\/li>\n<li>Lionel Allemand, Etienne Samuel: cellos<\/li>\n<li>C\u00e9cile Audebert: harp<\/li>\n<li>Claude Eg\u00e9a: trumpet<\/li>\n<li>Denis Leloup: trombone<\/li>\n<li>Andr\u00e9 Villeger, R\u00e9mi Sciuto: saxophones<\/li>\n<\/ul>\n<h3><span id=\"Children.27s_choir_on_Rayuela\"><\/span><span id=\"Children's_choir_on_Rayuela\" class=\"mw-headline\">Children&rsquo;s choir on Rayuela<\/span><\/h3>\n<ul>\n<li>Emilia Fullana, Mar\u00eda &amp; Miguel Makaroff, Maylis &amp; Noela M\u00fcller, Pablo Mu\u00f1oz, In\u00e9s Salamanca, Maria Paulina Spucches, Mateo &amp; Rafael Rodriguez<\/li>\n<\/ul>\n<h3><span id=\"Children.27s_choir_directed_by\"><\/span><span id=\"Children's_choir_directed_by\" class=\"mw-headline\">Children&rsquo;s choir directed by<\/span><\/h3>\n<ul>\n<li>Sandra Rumolino<\/li>\n<\/ul>\n<h3><span id=\"Technical_personnel\" class=\"mw-headline\">Technical personnel<\/span><\/h3>\n<ul>\n<li>Gotan Project: production, composition, engineering and mixing (at Substudioz)<\/li>\n<li>Didier Pouydesseau: engineering (at <a href=\"http:\/\/www.lesstudiossaintgermain.com\/\">Studio Acousti<\/a>)<\/li>\n<li>Chris Finney: engineering for Dr. John (at The Music Shed)<\/li>\n<li>Laurent Jais: engineering for Daniel Melingo (at Studio Acousti)<\/li>\n<li>Greg Calbi: mastering (at Sterling Sound, New York)<\/li>\n<li>Benjamin Joubert: editing (at Translab, Paris)<\/li>\n<\/ul>\n<h3><span id=\"Additional_information\" class=\"mw-headline\">Additional information<\/span><\/h3>\n<ul>\n<li>All music composed by Gotan Project.<\/li>\n<li>Lyrics by Eduardo Makaroff on tracks 3, 6 &amp; 7; 5, 7 &amp; 16 by Sergio Makaroff on tracks 4 &amp; 9, by Philippe Cohen Solal &amp; Eduardo Makaroff on tracks 10 &amp; 11, by Gotan Project on track 2 (deluxe edition)<\/li>\n<li>All tracks published by Science &amp; Melodie Publishing<\/li>\n<li>\u00ab\u00a0Rayuela\u00a0\u00bb contains parts of readings by Julio Cort\u00e1zar of his book \u00ab\u00a0Rayuela\u00a0\u00bb (from \u00ab\u00a0Voz Viva de America Latina\u00a0\u00bb) and of \u00ab\u00a0Pre\u00e1mbulo a las Instrucciones para dar Cuerda al Reloj\u00a0\u00bb, used by kind permission of Agencia Literaria Carmen Balcells, UNAM, La Casa de las Am\u00e9ricas<\/li>\n<\/ul>\n","protected":false},"excerpt":{"rendered":"<p>Gotan Project &#8211; Tango 3.0 Third studio album \u00ab\u00a0GOTAN PROJECT continue to define the genre they created with La Revancha del Tango\u00a0\u00bb GILLES PETERSON &nbsp; \u00ab\u00a0Tango Square\u00a0\u00bb \u2013 3:46 \u00ab\u00a0Rayuela\u00a0\u00bb \u2013 4:27 \u00ab\u00a0Desilusi\u00f3n\u00a0\u00bb \u2013 4:24 \u00ab\u00a0Peligro\u00a0\u00bb \u2013 3:57 \u00ab\u00a0La Gloria\u00a0\u00bb \u2013 3:47 \u00ab\u00a0Mil Millones\u00a0\u00bb \u2013 5:49 \u00ab\u00a0Tu Misterio\u00a0\u00bb \u2013 3:21 (featuring Daniel Melingo) \u00ab\u00a0De Hombre a Hombre\u00a0\u00bb \u2013 3:25 \u00ab\u00a0El Mensajero\u00a0\u00bb \u2013 2:35 \u00ab\u00a0Panamericana\u00a0\u00bb \u2013 4:33 \u00ab\u00a0\u00c9rase Una Vez\u00a0\u00bb \u2013 4:20 Philippe Cohen Solal &#8211; electric guitar, bass, keyboards, whistle, dub FX Eduardo Makaroff &#8211; acoustic and electric guitar Christoph H. M\u00fcller &#8211; bass, keyboards, tenori-on, vocoders, programming, dub FX Cristina Vilallonga &#8211; vocals Additional<span class=\"more-link\"><a href=\"https:\/\/yabasta-records.com\/fr\/produit\/gotan-project-tango-3-0\">Read More &rarr;<\/a><\/span><\/p>\n","protected":false},"featured_media":1237,"comment_status":"open","ping_status":"closed","template":"","meta":{"_acf_changed":false},"product_brand":[],"product_cat":[56,47,48],"product_tag":[46],"class_list":{"0":"entry","1":"author-yabasta","2":"post-1235","3":"product","4":"type-product","5":"status-publish","6":"has-post-thumbnail","7":"product_cat-all","8":"product_cat-gotan-project","9":"product_cat-vinyls","10":"product_tag-gotan-project","12":"first","13":"instock","14":"taxable","15":"shipping-taxable","16":"purchasable","17":"product-type-simple"},"acf":[],"jetpack_sharing_enabled":true,"_links":{"self":[{"href":"https:\/\/yabasta-records.com\/fr\/wp-json\/wp\/v2\/product\/1235","targetHints":{"allow":["GET"]}}],"collection":[{"href":"https:\/\/yabasta-records.com\/fr\/wp-json\/wp\/v2\/product"}],"about":[{"href":"https:\/\/yabasta-records.com\/fr\/wp-json\/wp\/v2\/types\/product"}],"replies":[{"embeddable":true,"href":"https:\/\/yabasta-records.com\/fr\/wp-json\/wp\/v2\/comments?post=1235"}],"wp:featuredmedia":[{"embeddable":true,"href":"https:\/\/yabasta-records.com\/fr\/wp-json\/wp\/v2\/media\/1237"}],"wp:attachment":[{"href":"https:\/\/yabasta-records.com\/fr\/wp-json\/wp\/v2\/media?parent=1235"}],"wp:term":[{"taxonomy":"product_brand","embeddable":true,"href":"https:\/\/yabasta-records.com\/fr\/wp-json\/wp\/v2\/product_brand?post=1235"},{"taxonomy":"product_cat","embeddable":true,"href":"https:\/\/yabasta-records.com\/fr\/wp-json\/wp\/v2\/product_cat?post=1235"},{"taxonomy":"product_tag","embeddable":true,"href":"https:\/\/yabasta-records.com\/fr\/wp-json\/wp\/v2\/product_tag?post=1235"}],"curies":[{"name":"wp","href":"https:\/\/api.w.org\/{rel}","templated":true}]}}