{"id":2104,"date":"2019-11-19T10:45:18","date_gmt":"2019-11-19T10:45:18","guid":{"rendered":"https:\/\/yabasta-records.com\/?post_type=product&#038;p=2104"},"modified":"2024-12-11T12:30:44","modified_gmt":"2024-12-11T12:30:44","slug":"philippe-cohen-solal-aquarius-let-the-sunshine-in-ft-horace-andy-vinyl","status":"publish","type":"product","link":"https:\/\/yabasta-records.com\/fr\/produit\/philippe-cohen-solal-aquarius-let-the-sunshine-in-ft-horace-andy-vinyl","title":{"rendered":"PHILIPPE COHEN SOLAL &#8211; AQUARIUS\/LET THE SUNSHINE IN FT. HORACE ANDY (VINYL)"},"content":{"rendered":"<p>Le morceau culte de la com\u00e9die musicale \u00ab\u00a0HAIR\u00a0\u00bb revisit\u00e9 par Philippe Cohen Solal accompagn\u00e9 du chanteur jama\u00efcain Horace Andy (Massive Attack), en vinyle \u00e9dition limit\u00e9e num\u00e9rot\u00e9 \u00e0 la main !<\/p>\n<p>&nbsp;<\/p>\n<p><iframe loading=\"lazy\" src=\"https:\/\/open.spotify.com\/embed\/album\/5TYUvtBqBReZ11yptUySLC\" width=\"300\" height=\"380\" frameborder=\"0\"><\/iframe><\/p>\n","protected":false},"excerpt":{"rendered":"<p>Le morceau culte de la com\u00e9die musicale \u00ab\u00a0HAIR\u00a0\u00bb revisit\u00e9 par Philippe Cohen Solal accompagn\u00e9 du chanteur jama\u00efcain Horace Andy (Massive Attack), en vinyle \u00e9dition limit\u00e9e num\u00e9rot\u00e9 \u00e0 la main ! &nbsp;<\/p>\n","protected":false},"featured_media":2105,"comment_status":"open","ping_status":"closed","template":"","meta":{"_acf_changed":false},"product_brand":[],"product_cat":[56,58,48],"product_tag":[],"class_list":{"0":"entry","1":"author-yabasta","2":"post-2104","3":"product","4":"type-product","5":"status-publish","6":"has-post-thumbnail","7":"product_cat-all","8":"product_cat-philippe-cohen-solal","9":"product_cat-vinyls","11":"first","12":"instock","13":"taxable","14":"shipping-taxable","15":"purchasable","16":"product-type-simple"},"acf":[],"jetpack_sharing_enabled":true,"_links":{"self":[{"href":"https:\/\/yabasta-records.com\/fr\/wp-json\/wp\/v2\/product\/2104","targetHints":{"allow":["GET"]}}],"collection":[{"href":"https:\/\/yabasta-records.com\/fr\/wp-json\/wp\/v2\/product"}],"about":[{"href":"https:\/\/yabasta-records.com\/fr\/wp-json\/wp\/v2\/types\/product"}],"replies":[{"embeddable":true,"href":"https:\/\/yabasta-records.com\/fr\/wp-json\/wp\/v2\/comments?post=2104"}],"wp:featuredmedia":[{"embeddable":true,"href":"https:\/\/yabasta-records.com\/fr\/wp-json\/wp\/v2\/media\/2105"}],"wp:attachment":[{"href":"https:\/\/yabasta-records.com\/fr\/wp-json\/wp\/v2\/media?parent=2104"}],"wp:term":[{"taxonomy":"product_brand","embeddable":true,"href":"https:\/\/yabasta-records.com\/fr\/wp-json\/wp\/v2\/product_brand?post=2104"},{"taxonomy":"product_cat","embeddable":true,"href":"https:\/\/yabasta-records.com\/fr\/wp-json\/wp\/v2\/product_cat?post=2104"},{"taxonomy":"product_tag","embeddable":true,"href":"https:\/\/yabasta-records.com\/fr\/wp-json\/wp\/v2\/product_tag?post=2104"}],"curies":[{"name":"wp","href":"https:\/\/api.w.org\/{rel}","templated":true}]}}