{"id":2126,"date":"2019-11-19T11:37:30","date_gmt":"2019-11-19T11:37:30","guid":{"rendered":"https:\/\/yabasta-records.com\/?post_type=product&#038;p=2126"},"modified":"2025-02-26T16:15:57","modified_gmt":"2025-02-26T16:15:57","slug":"gotan-project-tango-3-0-live-dvdblu-ray","status":"publish","type":"product","link":"https:\/\/yabasta-records.com\/fr\/produit\/gotan-project-tango-3-0-live-dvdblu-ray","title":{"rendered":"GOTAN PROJECT &#8211; TANGO 3.0 LIVE (DVD+BLU-RAY)"},"content":{"rendered":"<p>2 DISCS : BLU-RAY &amp; DVD + AUDIO DIGITAL 60 MIN (HD MP3)<\/p>\n<p>Gotan Project a fait plusieurs fois le tour de la plan\u00e8te, du Filmore West de San Francisco au Royal Festival hall de Londres, de l&rsquo;Op\u00e9ra de Sydney \u00e0 l&rsquo;Olympia de Paris, faisant se lever comme un seul homme &#8211; ou plut\u00f4t femme\u2026 &#8211; un public s\u00e9duit par leurs disques, conquis par leurs concerts. Toutes les g\u00e9n\u00e9rations s&rsquo;y retrouvent sans exception : aficionados des milongas et branch\u00e9s dance-floor, amateurs de longue date et n\u00e9ophytes du tango. Pour donner toute sa profondeur de champs \u00e0 cette bande-son \u00abcin\u00e9matographique\u00bb, la sc\u00e9nographie millim\u00e9tr\u00e9e fait se succ\u00e9der des images patiemment film\u00e9es et d\u00e9coup\u00e9es par Prisca Lobjoy. Cette plasticienne apporte depuis dix ans l&rsquo;indispensable touche f\u00e9minine, n\u00e9cessaire contrepoint sur une musique pr\u00e9suppos\u00e9e machiste. Son regard d\u00e9cadr\u00e9 ajoute un grain particulier : ce qu&rsquo;il faut de sensualit\u00e9 et d&rsquo;\u00e9tranget\u00e9 \u00e0 la bande-son \u00e9labor\u00e9e en studio, un rien d&rsquo;\u00e9rotisme qui colle parfaitement \u00e0 la peau du tango. Elle a fait entrer dans chaque concert l&rsquo;intimit\u00e9 et les sentiments partag\u00e9s de tous \u00e0 travers une vision tout \u00e0 fait singuli\u00e8re, loin de tous les clich\u00e9s qui abondent en la mati\u00e8re, tout comme Gotan Project sublime la dramaturgie esth\u00e8te du tango. C&rsquo;est ce voyage que nous propose le r\u00e9alisateur Fabien Raymond. Apr\u00e8s avoir immortalis\u00e9 de nombreux artistes fran\u00e7ais et \u00e9trangers (DVD musical de l&rsquo;ann\u00e9e aux Victoires de la Musique 2010 pour \u00ab Bashung \u00e0 l&rsquo;Olympia \u00bb) il offre au spectateur une place privil\u00e9gi\u00e9e au sein du concert film\u00e9 en haute d\u00e9finition au Casino de Paris en janvier 2011. Les bonus incluant vid\u00e9osc\u00e8nes, clips ou encore une interview de Gotan Project contribueront \u00e0 plonger le public dans cet univers po\u00e9tique.<\/p>\n<p>&nbsp;<\/p>\n<p><iframe loading=\"lazy\" src=\"https:\/\/open.spotify.com\/embed\/album\/1KegkyinEJvcsjSnhCI6cB\" width=\"300\" height=\"380\" frameborder=\"0\"><\/iframe><\/p>\n","protected":false},"excerpt":{"rendered":"<p>2 DISCS : BLU-RAY &amp; DVD + AUDIO DIGITAL 60 MIN (HD MP3) Gotan Project a fait plusieurs fois le tour de la plan\u00e8te, du Filmore West de San Francisco au Royal Festival hall de Londres, de l&rsquo;Op\u00e9ra de Sydney \u00e0 l&rsquo;Olympia de Paris, faisant se lever comme un seul homme &#8211; ou plut\u00f4t femme\u2026 &#8211; un public s\u00e9duit par leurs disques, conquis par leurs concerts. Toutes les g\u00e9n\u00e9rations s&rsquo;y retrouvent sans exception : aficionados des milongas et branch\u00e9s dance-floor, amateurs de longue date et n\u00e9ophytes du tango. Pour donner toute sa profondeur de champs \u00e0 cette bande-son \u00abcin\u00e9matographique\u00bb, la sc\u00e9nographie millim\u00e9tr\u00e9e fait se succ\u00e9der<span class=\"more-link\"><a href=\"https:\/\/yabasta-records.com\/fr\/produit\/gotan-project-tango-3-0-live-dvdblu-ray\">Read More &rarr;<\/a><\/span><\/p>\n","protected":false},"featured_media":2127,"comment_status":"open","ping_status":"closed","template":"","meta":{"_acf_changed":false},"product_brand":[],"product_cat":[56,62,47],"product_tag":[],"class_list":{"0":"entry","1":"author-yabasta","2":"post-2126","3":"product","4":"type-product","5":"status-publish","6":"has-post-thumbnail","7":"product_cat-all","8":"product_cat-dvd","9":"product_cat-gotan-project","11":"first","12":"outofstock","13":"taxable","14":"shipping-taxable","15":"purchasable","16":"product-type-simple"},"acf":[],"jetpack_sharing_enabled":true,"_links":{"self":[{"href":"https:\/\/yabasta-records.com\/fr\/wp-json\/wp\/v2\/product\/2126","targetHints":{"allow":["GET"]}}],"collection":[{"href":"https:\/\/yabasta-records.com\/fr\/wp-json\/wp\/v2\/product"}],"about":[{"href":"https:\/\/yabasta-records.com\/fr\/wp-json\/wp\/v2\/types\/product"}],"replies":[{"embeddable":true,"href":"https:\/\/yabasta-records.com\/fr\/wp-json\/wp\/v2\/comments?post=2126"}],"wp:featuredmedia":[{"embeddable":true,"href":"https:\/\/yabasta-records.com\/fr\/wp-json\/wp\/v2\/media\/2127"}],"wp:attachment":[{"href":"https:\/\/yabasta-records.com\/fr\/wp-json\/wp\/v2\/media?parent=2126"}],"wp:term":[{"taxonomy":"product_brand","embeddable":true,"href":"https:\/\/yabasta-records.com\/fr\/wp-json\/wp\/v2\/product_brand?post=2126"},{"taxonomy":"product_cat","embeddable":true,"href":"https:\/\/yabasta-records.com\/fr\/wp-json\/wp\/v2\/product_cat?post=2126"},{"taxonomy":"product_tag","embeddable":true,"href":"https:\/\/yabasta-records.com\/fr\/wp-json\/wp\/v2\/product_tag?post=2126"}],"curies":[{"name":"wp","href":"https:\/\/api.w.org\/{rel}","templated":true}]}}