{"id":10691,"date":"2018-02-08T14:08:22","date_gmt":"2018-02-08T14:08:22","guid":{"rendered":"https:\/\/yabasta-records.com\/el-hijo-de-la-cumbia"},"modified":"2023-10-12T18:26:08","modified_gmt":"2023-10-12T18:26:08","slug":"el-hijo-de-la-cumbia","status":"publish","type":"page","link":"https:\/\/yabasta-records.com\/it\/el-hijo-de-la-cumbia","title":{"rendered":"El Hijo de la Cumbia"},"content":{"rendered":"\n<h3>Dopo l&#8217;ondata di tango electro, attenzione al beachcomber della nueva cumbia&#8230; Uno tsunami elettronico totale che si \u00e8 impadronito di Buenos Aires e si sta abbattendo sul vecchio continente! Sono ormai quasi dieci anni che la terra trema a questi ritmi tellurici, con la capitale argentina come epicentro. Tra gli eroi di questa febbre quasi tropicale, il vero malandro \u00e8 El Hijo de la Cumbia! Ha iniziato come pioniere e ora \u00e8 il patrono, il guardiano, la cui uscita \u00e8 attesa con impazienza dal crescente numero di fan della nueva cumbia.<\/h3>\n<p>Emiliano G\u00f3mez ha iniziato a giocare con le tastiere all&#8217;et\u00e0 di dodici anni, nel 1996. Da allora, mescola abilmente gli stili e realizza magistrali remix per numerosi &#8220;sonideros&#8221; messicani e americani, ma anche per Gotan Project e Toy Selekhtah di Sonidero Nacional, producendo persino il gruppo hip hop MP3. L&#8217;ambizione dietro i ritmi spezzati di questo ragazzo argentino di periferia \u00e8 quella di unire i ghetti del mondo nel suo ghetto blaster.<\/p>\n<p>Questo non ha nulla a che vedere con le tiepide produzioni britanniche o con l&#8217;ennesima pallida imitazione della techno americana. L&#8217;obiettivo \u00e8 quello di inventare una colonna sonora elettronica che nasce dalle tradizioni locali. Il risultato \u00e8 un intruglio dinamico di suoni urbani e musica tradizionale che scuote i preconcetti e le piste da ballo. Bisogna essere stati inzuppati di sudore a uno dei suoi DJ set per cogliere la misura del suo &#8220;Freestyle de Ritmos&#8221;, un titolo che si spiega da solo. Questo disco \u00e8 stato pubblicato nel 2010 da \u00a1Ya Basta!: dall&#8217;hip hop alla dance-hall, dal dubstep alla musica house, El Hijo infiltra i classici della cumbia con breakbeat allucinanti, con una creativit\u00e0 selvaggia ma sofisticata. In una parola: unico.<\/p>\n<div data-block-name=\"woocommerce\/featured-product\" data-edit-mode=\"false\" data-product-id=\"2114\" class=\"wc-block-featured-product alignnone has-background-dim wp-block-woocommerce-featured-product\" style=\"min-height:500px;\"><div class=\"wc-block-featured-product__wrapper\"><div class=\"background-dim__overlay\" style=\"background-color: #000000\"><\/div><img decoding=\"async\" alt=\"El Hijo de la Cumbia - Freestyle de Ritmos (CD)\" class=\"wc-block-featured-product__background-image\" src=\"https:\/\/yabasta-records.com\/wp-content\/uploads\/2019\/11\/COVER_elhijodelacumbia_FreestyledeRitmos_RVB-1024x1024.jpg\" style=\"object-fit: none;object-position: 50% 50%;\" \/><h2 class=\"wc-block-featured-product__title\">El Hijo de la Cumbia &#8211; Freestyle de Ritmos (CD)<\/h2><div class=\"wc-block-featured-product__description\"><p>&#8220;UN DES FONDATEURS DU SON LE PLUS SEXY ET FRAIS VENANT DE BUENOS AIRES DEPUIS LONGTEMPS&#8221;<br \/>\nPhilippe Cohen Solal (Gotan Project)<\/p>\n<p>&nbsp;<\/p>\n<\/div><div class=\"wc-block-featured-product__price\"><span class=\"woocommerce-Price-amount amount\">10,00&nbsp;<span class=\"woocommerce-Price-currencySymbol\">&euro;<\/span><\/span><\/div><div class=\"wc-block-featured-product__inner-blocks\">\n\n<div class=\"wp-block-button aligncenter\"><a class=\"wp-block-button__link\" href=\"https:\/\/yabasta-records.com\/produit\/el-hijo-de-la-cumbia-freestyle-de-ritmos-cd\">Acquista ora<\/a><\/div>\n\n<\/div><\/div><\/div>","protected":false},"excerpt":{"rendered":"<p>Dopo l&#8217;ondata di tango electro, attenzione al beachcomber della nueva cumbia&#8230; Uno tsunami elettronico totale che si \u00e8 impadronito di Buenos Aires e si sta abbattendo sul vecchio continente! Sono ormai quasi dieci anni che la terra trema a questi ritmi tellurici, con la capitale argentina come epicentro. Tra gli eroi di questa febbre quasi tropicale, il vero malandro \u00e8 El Hijo de la Cumbia! Ha iniziato come pioniere e ora \u00e8 il patrono, il guardiano, la cui uscita \u00e8 attesa con impazienza dal crescente numero di fan della nueva cumbia.<\/p>\n","protected":false},"author":1,"featured_media":0,"parent":0,"menu_order":0,"comment_status":"closed","ping_status":"closed","template":"","meta":{"_acf_changed":false,"footnotes":""},"class_list":["entry","author-yabasta","has-excerpt","post-10691","page","type-page","status-publish"],"acf":[],"featured_image_src":null,"featured_image_src_square":null,"jetpack_sharing_enabled":true,"_links":{"self":[{"href":"https:\/\/yabasta-records.com\/it\/wp-json\/wp\/v2\/pages\/10691","targetHints":{"allow":["GET"]}}],"collection":[{"href":"https:\/\/yabasta-records.com\/it\/wp-json\/wp\/v2\/pages"}],"about":[{"href":"https:\/\/yabasta-records.com\/it\/wp-json\/wp\/v2\/types\/page"}],"author":[{"embeddable":true,"href":"https:\/\/yabasta-records.com\/it\/wp-json\/wp\/v2\/users\/1"}],"replies":[{"embeddable":true,"href":"https:\/\/yabasta-records.com\/it\/wp-json\/wp\/v2\/comments?post=10691"}],"version-history":[{"count":2,"href":"https:\/\/yabasta-records.com\/it\/wp-json\/wp\/v2\/pages\/10691\/revisions"}],"predecessor-version":[{"id":10695,"href":"https:\/\/yabasta-records.com\/it\/wp-json\/wp\/v2\/pages\/10691\/revisions\/10695"}],"wp:attachment":[{"href":"https:\/\/yabasta-records.com\/it\/wp-json\/wp\/v2\/media?parent=10691"}],"curies":[{"name":"wp","href":"https:\/\/api.w.org\/{rel}","templated":true}]}}