{"id":10724,"date":"2018-02-08T14:01:53","date_gmt":"2018-02-08T14:01:53","guid":{"rendered":"https:\/\/yabasta-records.com\/feloche"},"modified":"2023-10-12T18:26:10","modified_gmt":"2023-10-12T18:26:10","slug":"feloche","status":"publish","type":"page","link":"https:\/\/yabasta-records.com\/it\/feloche","title":{"rendered":"F\u00e9loche"},"content":{"rendered":"<h3>Ascoltate! F\u00e9loche presenta il suono impertinente del suo mandolino e il suo stile folle e romantico.<br \/>\nF\u00e9loche ha visto il mondo, e con questo non intendiamo solo che ha viaggiato. Ovunque vada, fa amicizia, con il suo enorme e luminoso sorriso che sembra pi\u00f9 grande di lui. Ovunque vada, diventa un abitante del luogo, che sia sull&#8217;isola di La Gomera, a New York, in Ucraina, in Romania o ad Argenteuil. Lui condivide e le persone condividono con lui: storie avvincenti, un fischio dal paradiso, suoni vintage intinti nel rock sporco, beat, flow e ispirazione.<br \/>\nF\u00e9loche ha chiamato a raccolta tutti i suoi eroi, i suoi miti, le sue esperienze e i suoi sogni per il suo secondo album Silbo.<\/h3>\n<p style=\"text-align: center;\"><iframe loading=\"lazy\" src=\"https:\/\/open.spotify.com\/embed\/artist\/5ucXr4ku0fsOeViLWHM0lF\" width=\"300\" height=\"380\" frameborder=\"0\"><\/iframe><\/p>\n<table width=\"100%\" cellspacing=\"0\" cellpadding=\"0\" border=\"0\" align=\"center\">\n<tbody>\n<tr>\n<td width=\"345\" valign=\"top\">\n<p class=\"artist-det-content\">Il silbo \u00e8 la lingua fischiata dell&#8217;isola di La Gomera, nell&#8217;arcipelago delle Canarie, dove \u00e8 ancora usato dalla gente per comunicare tra le montagne. L&#8217;UNESCO ha classificato questa lingua preziosa come &#8220;patrimonio culturale immateriale dell&#8217;umanit\u00e0&#8221;. A F\u00e9loche \u00e8 stata trasmessa dal patrigno, il separatista Bonifacio Santos Herrera, insieme a un profondo amore per il Paese da cui era stato esiliato. All&#8217;et\u00e0 di 11 anni, F\u00e9loche si rec\u00f2 da solo sull&#8217;isola; il viaggio lo cambi\u00f2 per sempre. La canzone, che inizialmente doveva comparire nell&#8217;album come tributo privato, \u00e8 stata improvvisamente catapultata nel dominio pubblico. In Francia, la sua gravit\u00e0 emotiva non \u00e8 sfuggita all&#8217;orecchio acuto di alcuni DJ radiofonici, che l&#8217;hanno fatta ascoltare al loro pubblico. Il fenomeno si \u00e8 diffuso a macchia d&#8217;olio in tutto il Mediterraneo ed \u00e8 esploso a La Gomera, dove ha trovato spazio sui giornali, nei telegiornali e persino nelle scuole, fino ai livelli pi\u00f9 alti. La popolazione di La Gomera ha celebrato questo incredibile tributo alla propria cultura e allo sfortunato fratello Bonifacio.<\/p>\n<p>Roxanne Shant\u00e9, la madre del rap newyorkese, ha insegnato a F\u00e9loche tutto ci\u00f2 che doveva sapere sul flow quando era bambino. Eppure, lavorare con lei sembrava un sogno lontano, finch\u00e9 non \u00e8 finalmente apparsa sulla scena per il duetto hip-hop &#8220;T2Ceux&#8221;.<\/p>\n<p>F\u00e9loche ha impiegato del tempo per raggiungere Rona Hartner. Proprio come Gadjo Dilo di Toni Gatlif, l&#8217;ha trovata durante la sua ricerca del suono. Tra le sue braccia, ha cantato la trance balcanica &#8220;Mythologie&#8221;.<\/p>\n<p>In &#8220;Je Ne Mange Pas 6 Jours&#8221; Oleg Skrypka, la cantante del gruppo ucraino di culto VV, si esprime su un romantico e incessante ritmo techno. Il titolo del brano \u00e8 ora la frase francese pi\u00f9 popolare in Russia e Ucraina, dove F\u00e9loche \u00e8 stato in tour con VV qualche anno fa.<\/p>\n<p>La chitarra non ha posto in questa celebrazione energica e decadente. Con il suo modo di suonare accorato, F\u00e9loche cattura l&#8217;anima del suo mandolino. Con esso, sposta i parametri della disco, della techno e dell&#8217;hip hop, rendendo puro omaggio al funk anni &#8217;80 di Prince in &#8220;NYC: ODC&#8221; e al piano Honky Tonk degli Stones in &#8220;M\u00e9moire Vive&#8221;. L&#8217;anima di questo poeta vacillante \u00e8 messa a nudo attraverso il suo mandolino.<\/p>\n<p>Per il brano &#8220;A La L\u00e9g\u00e8re&#8221;, F\u00e9loche ha realizzato un suo folle sogno: suonare con un&#8217;orchestra di mandolini. Ha coinvolto 64 mandolinisti di et\u00e0 compresa tra i 7 e gli 87 anni, provenienti dall&#8217;Estudiantina d&#8217;Argenteuil. Insieme, loro e F\u00e9loche vi porteranno via in un turbinio di brani.<\/p>\n<p>Nel linguaggio espressivo e sonoro di Silbo, F\u00e9loche conferma quanto promesso nel suo primo album, La Vie Cajun: fare musica internazionale che sventoli la bandiera dell&#8217;umorismo francese.<\/p>\n<p>La sua attenzione ai dettagli e il suo perfezionismo non gli lasciano tregua. Con la stessa sincerit\u00e0 si lancia in ogni dimensione estetica, esplorativa, umoristica, politica, grafica e scenografica aperta dalla sua musica. Ora che i suoi ospiti se ne sono andati, F\u00e9loche si prepara a reincarnarli sul palcoscenico con i suoi maghi Caroline Daparo, Christophe Malherbe e David Rolland. Con lui, questi musicisti formano una band fatta per il palcoscenico.<\/p>\n<\/td>\n<td width=\"30\" valign=\"top\"><\/td>\n<\/tr>\n<\/tbody>\n<\/table>\n","protected":false},"excerpt":{"rendered":"<p>Ascoltate! F\u00e9loche presenta il suono impertinente del suo mandolino e il suo stile folle e romantico. F\u00e9loche ha visto il mondo, e con questo non intendiamo solo che ha viaggiato. Ovunque vada, fa amicizia, con il suo enorme e luminoso sorriso che sembra pi\u00f9 grande di lui. Ovunque vada, diventa un abitante del luogo, che sia sull&#8217;isola di La Gomera, a New York, in Ucraina, in Romania o ad Argenteuil. Lui condivide e le persone condividono con lui: storie avvincenti, un fischio dal paradiso, suoni vintage intinti nel rock sporco, beat, flow e ispirazione. F\u00e9loche ha chiamato a raccolta tutti i suoi eroi, i suoi<span class=\"more-link\"><a href=\"https:\/\/yabasta-records.com\/it\/feloche\">Read More &rarr;<\/a><\/span><\/p>\n","protected":false},"author":1,"featured_media":9148,"parent":0,"menu_order":0,"comment_status":"closed","ping_status":"closed","template":"","meta":{"_acf_changed":false,"footnotes":""},"class_list":["entry","author-yabasta","post-10724","page","type-page","status-publish","has-post-thumbnail"],"acf":[],"featured_image_src":"https:\/\/yabasta-records.com\/wp-content\/uploads\/2018\/02\/feloche_web_72dpi_rvb-295.jpg","featured_image_src_square":"https:\/\/yabasta-records.com\/wp-content\/uploads\/2018\/02\/feloche_web_72dpi_rvb-295.jpg","jetpack_sharing_enabled":true,"_links":{"self":[{"href":"https:\/\/yabasta-records.com\/it\/wp-json\/wp\/v2\/pages\/10724","targetHints":{"allow":["GET"]}}],"collection":[{"href":"https:\/\/yabasta-records.com\/it\/wp-json\/wp\/v2\/pages"}],"about":[{"href":"https:\/\/yabasta-records.com\/it\/wp-json\/wp\/v2\/types\/page"}],"author":[{"embeddable":true,"href":"https:\/\/yabasta-records.com\/it\/wp-json\/wp\/v2\/users\/1"}],"replies":[{"embeddable":true,"href":"https:\/\/yabasta-records.com\/it\/wp-json\/wp\/v2\/comments?post=10724"}],"version-history":[{"count":2,"href":"https:\/\/yabasta-records.com\/it\/wp-json\/wp\/v2\/pages\/10724\/revisions"}],"predecessor-version":[{"id":10732,"href":"https:\/\/yabasta-records.com\/it\/wp-json\/wp\/v2\/pages\/10724\/revisions\/10732"}],"wp:featuredmedia":[{"embeddable":true,"href":"https:\/\/yabasta-records.com\/it\/wp-json\/wp\/v2\/media\/9148"}],"wp:attachment":[{"href":"https:\/\/yabasta-records.com\/it\/wp-json\/wp\/v2\/media?parent=10724"}],"curies":[{"name":"wp","href":"https:\/\/api.w.org\/{rel}","templated":true}]}}