{"id":2099,"date":"2019-11-19T10:24:25","date_gmt":"2019-11-19T10:24:25","guid":{"rendered":"https:\/\/yabasta-records.com\/?post_type=product&#038;p=2099"},"modified":"2026-04-04T10:00:38","modified_gmt":"2026-04-04T10:00:38","slug":"feloche-la-vie-cajun-vinyl","status":"publish","type":"product","link":"https:\/\/yabasta-records.com\/it\/produit\/feloche-la-vie-cajun-vinyl","title":{"rendered":"F\u00c9LOCHE &#8211; LA VIE CAJUN (VINYL)"},"content":{"rendered":"<p>Des ritournelles qui fleurent bon la cuisine cajun, comme sur l\u2019embl\u00e9matique th\u00e8me titre. Tel est l\u2019univers de ce premier album o\u00f9 le Fran\u00e7ais r\u00e9investit le bayou louisianais, lui donnant des parfums de p\u00e9riph\u00e9rique. Au programme une contrebasse au son \u00e9pic\u00e9 et des cordes emberlificot\u00e9es, des morceaux autobiographiques et des textes plus fantasmagoriques, une valse techno et un d\u00e9lire psycho-slavo-d\u00e9glingo-punk\u2026 En clair, un sacr\u00e9 gumbo dans lequel il convie Dr John, sorcier du son mar\u00e9cageux de La Nouvelle-Orl\u00e9ans et source d\u2019inspiration majuscule de cette \u201cVie Cajun\u201d.<\/p>\n<p>&nbsp;<\/p>\n<p><iframe loading=\"lazy\" src=\"https:\/\/open.spotify.com\/embed\/album\/76VZ932S7IvKAJZlEDHfMS\" width=\"300\" height=\"380\" frameborder=\"0\"><\/iframe><\/p>\n","protected":false},"excerpt":{"rendered":"<p>Des ritournelles qui fleurent bon la cuisine cajun, comme sur l\u2019embl\u00e9matique th\u00e8me titre. Tel est l\u2019univers de ce premier album o\u00f9 le Fran\u00e7ais r\u00e9investit le bayou louisianais, lui donnant des parfums de p\u00e9riph\u00e9rique. Au programme une contrebasse au son \u00e9pic\u00e9 et des cordes emberlificot\u00e9es, des morceaux autobiographiques et des textes plus fantasmagoriques, une valse techno et un d\u00e9lire psycho-slavo-d\u00e9glingo-punk\u2026 En clair, un sacr\u00e9 gumbo dans lequel il convie Dr John, sorcier du son mar\u00e9cageux de La Nouvelle-Orl\u00e9ans et source d\u2019inspiration majuscule de cette \u201cVie Cajun\u201d. &nbsp;<\/p>\n","protected":false},"featured_media":2100,"comment_status":"open","ping_status":"closed","template":"","meta":{"_acf_changed":false},"product_brand":[],"product_cat":[56,59,48],"product_tag":[],"class_list":{"0":"entry","1":"author-yabasta","2":"post-2099","3":"product","4":"type-product","5":"status-publish","6":"has-post-thumbnail","7":"product_cat-all","8":"product_cat-feloche","9":"product_cat-vinyls","11":"first","12":"instock","13":"taxable","14":"shipping-taxable","15":"purchasable","16":"product-type-simple"},"acf":[],"jetpack_sharing_enabled":true,"_links":{"self":[{"href":"https:\/\/yabasta-records.com\/it\/wp-json\/wp\/v2\/product\/2099","targetHints":{"allow":["GET"]}}],"collection":[{"href":"https:\/\/yabasta-records.com\/it\/wp-json\/wp\/v2\/product"}],"about":[{"href":"https:\/\/yabasta-records.com\/it\/wp-json\/wp\/v2\/types\/product"}],"replies":[{"embeddable":true,"href":"https:\/\/yabasta-records.com\/it\/wp-json\/wp\/v2\/comments?post=2099"}],"wp:featuredmedia":[{"embeddable":true,"href":"https:\/\/yabasta-records.com\/it\/wp-json\/wp\/v2\/media\/2100"}],"wp:attachment":[{"href":"https:\/\/yabasta-records.com\/it\/wp-json\/wp\/v2\/media?parent=2099"}],"wp:term":[{"taxonomy":"product_brand","embeddable":true,"href":"https:\/\/yabasta-records.com\/it\/wp-json\/wp\/v2\/product_brand?post=2099"},{"taxonomy":"product_cat","embeddable":true,"href":"https:\/\/yabasta-records.com\/it\/wp-json\/wp\/v2\/product_cat?post=2099"},{"taxonomy":"product_tag","embeddable":true,"href":"https:\/\/yabasta-records.com\/it\/wp-json\/wp\/v2\/product_tag?post=2099"}],"curies":[{"name":"wp","href":"https:\/\/api.w.org\/{rel}","templated":true}]}}