{"id":2151,"date":"2020-09-17T12:08:53","date_gmt":"2020-09-17T12:08:53","guid":{"rendered":"https:\/\/yabasta-records.com\/?post_type=product&#038;p=2151"},"modified":"2025-07-03T23:32:03","modified_gmt":"2025-07-03T23:32:03","slug":"david-walters-awa-cd","status":"publish","type":"product","link":"https:\/\/yabasta-records.com\/it\/produit\/david-walters-awa-cd","title":{"rendered":"DAVID WALTERS &#8211; AWA (CD)"},"content":{"rendered":"<p>Vibrations \u00ab un folk acoustique m\u00e2tin\u00e9 d\u2019\u00e9lectronique par un jeune artiste originaire des Cara\u00efbes. Un petit miracle \u00bb<\/p>\n<p>T\u00e9l\u00e9rama \u00ab David Walters s\u2019impose en homme-orchestre de g\u00e9nie, Petit Prince des m\u00e9tissages d\u2019aujourd\u2019hui \u00bb<\/p>\n<p>Inrockuptibles &#8220;Les chansons de David Walters sont rares comme des gouttes de soleil &#8221;<\/p>\n<p>Nouvel Obs &#8220;Un disque au charme fou , notre chouchou 2006 &#8221;<\/p>\n<p>Le Monde 2 &#8220;Beats \u00e9lectroniques c\u00f4toient m\u00e9lodies acoustiques, un Cd qui appelle au r\u00eave&#8221;<\/p>\n<p>&nbsp;<\/p>\n<p><iframe loading=\"lazy\" src=\"https:\/\/open.spotify.com\/embed\/album\/5fK9YaVHA00H7SWA1llDkk\" width=\"300\" height=\"380\" frameborder=\"0\"><\/iframe><\/p>\n","protected":false},"excerpt":{"rendered":"<p>Vibrations \u00ab un folk acoustique m\u00e2tin\u00e9 d\u2019\u00e9lectronique par un jeune artiste originaire des Cara\u00efbes. Un petit miracle \u00bb T\u00e9l\u00e9rama \u00ab David Walters s\u2019impose en homme-orchestre de g\u00e9nie, Petit Prince des m\u00e9tissages d\u2019aujourd\u2019hui \u00bb Inrockuptibles &#8220;Les chansons de David Walters sont rares comme des gouttes de soleil &#8221; Nouvel Obs &#8220;Un disque au charme fou , notre chouchou 2006 &#8221; Le Monde 2 &#8220;Beats \u00e9lectroniques c\u00f4toient m\u00e9lodies acoustiques, un Cd qui appelle au r\u00eave&#8221; &nbsp;<\/p>\n","protected":false},"featured_media":2153,"comment_status":"open","ping_status":"closed","template":"","meta":{"_acf_changed":false},"product_brand":[],"product_cat":[56,49,61],"product_tag":[376,377,374,375],"class_list":{"0":"entry","1":"author-yabasta","2":"post-2151","3":"product","4":"type-product","5":"status-publish","6":"has-post-thumbnail","7":"product_cat-all","8":"product_cat-cds","9":"product_cat-david-walters","10":"product_tag-afro","11":"product_tag-caribbean","12":"product_tag-folk","13":"product_tag-soul","15":"first","16":"instock","17":"taxable","18":"shipping-taxable","19":"purchasable","20":"product-type-simple"},"acf":[],"jetpack_sharing_enabled":true,"_links":{"self":[{"href":"https:\/\/yabasta-records.com\/it\/wp-json\/wp\/v2\/product\/2151","targetHints":{"allow":["GET"]}}],"collection":[{"href":"https:\/\/yabasta-records.com\/it\/wp-json\/wp\/v2\/product"}],"about":[{"href":"https:\/\/yabasta-records.com\/it\/wp-json\/wp\/v2\/types\/product"}],"replies":[{"embeddable":true,"href":"https:\/\/yabasta-records.com\/it\/wp-json\/wp\/v2\/comments?post=2151"}],"wp:featuredmedia":[{"embeddable":true,"href":"https:\/\/yabasta-records.com\/it\/wp-json\/wp\/v2\/media\/2153"}],"wp:attachment":[{"href":"https:\/\/yabasta-records.com\/it\/wp-json\/wp\/v2\/media?parent=2151"}],"wp:term":[{"taxonomy":"product_brand","embeddable":true,"href":"https:\/\/yabasta-records.com\/it\/wp-json\/wp\/v2\/product_brand?post=2151"},{"taxonomy":"product_cat","embeddable":true,"href":"https:\/\/yabasta-records.com\/it\/wp-json\/wp\/v2\/product_cat?post=2151"},{"taxonomy":"product_tag","embeddable":true,"href":"https:\/\/yabasta-records.com\/it\/wp-json\/wp\/v2\/product_tag?post=2151"}],"curies":[{"name":"wp","href":"https:\/\/api.w.org\/{rel}","templated":true}]}}